{"id":4222,"date":"2018-12-17T10:38:55","date_gmt":"2018-12-17T09:38:55","guid":{"rendered":"http:\/\/www.symbiosys.org\/product-finder\/"},"modified":"2020-12-10T18:03:00","modified_gmt":"2020-12-10T17:03:00","slug":"product-finder","status":"publish","type":"page","link":"https:\/\/www.symbiosys.com\/tr\/product-finder\/","title":{"rendered":"Product finder"},"content":{"rendered":"","protected":false},"excerpt":{"rendered":"","protected":false},"author":73,"featured_media":0,"parent":0,"menu_order":0,"comment_status":"closed","ping_status":"closed","template":"views\/template-product-finder-flexible.blade.php","meta":{"footnotes":""},"class_list":["post-4222","page","type-page","status-publish","hentry"],"acf":[],"yoast_head":"<!-- This site is optimized with the Yoast SEO plugin v27.1.1 - https:\/\/yoast.com\/product\/yoast-seo-wordpress\/ -->\n<title>Product finder - food supplements, probiotics for inner balance - symbiosys<\/title>\n<meta name=\"description\" content=\"Where to find your Symbiosys product (Alflorex, Defencia, Bifibaby, Spasmodia, Cystalia), food supplements, probiotics for inner balance, in your area?\" \/>\n<meta name=\"robots\" content=\"noindex, follow\" \/>\n<meta property=\"og:locale\" content=\"tr_TR\" \/>\n<meta property=\"og:type\" content=\"article\" \/>\n<meta property=\"og:title\" content=\"Product finder - food supplements, probiotics for inner balance - symbiosys\" \/>\n<meta property=\"og:description\" content=\"Where to find your Symbiosys product (Alflorex, Defencia, Bifibaby, Spasmodia, Cystalia), food supplements, probiotics for inner balance, in your area?\" \/>\n<meta property=\"og:url\" content=\"https:\/\/www.symbiosys.com\/tr\/product-finder\/\" \/>\n<meta property=\"og:site_name\" content=\"Symbiosys\" \/>\n<meta property=\"article:modified_time\" content=\"2020-12-10T17:03:00+00:00\" \/>\n<meta name=\"twitter:card\" content=\"summary_large_image\" \/>\n<script type=\"application\/ld+json\" class=\"yoast-schema-graph\">{\"@context\":\"https:\/\/schema.org\",\"@graph\":[{\"@type\":\"WebPage\",\"@id\":\"https:\/\/www.symbiosys.com\/tr\/product-finder\/\",\"url\":\"https:\/\/www.symbiosys.com\/tr\/product-finder\/\",\"name\":\"Product finder - food supplements, probiotics for inner balance - symbiosys\",\"isPartOf\":{\"@id\":\"https:\/\/www.symbiosys.com\/tr\/#website\"},\"datePublished\":\"2018-12-17T09:38:55+00:00\",\"dateModified\":\"2020-12-10T17:03:00+00:00\",\"description\":\"Where to find your Symbiosys product (Alflorex, Defencia, Bifibaby, Spasmodia, Cystalia), food supplements, probiotics for inner balance, in your area?\",\"breadcrumb\":{\"@id\":\"https:\/\/www.symbiosys.com\/tr\/product-finder\/#breadcrumb\"},\"inLanguage\":\"tr\",\"potentialAction\":[{\"@type\":\"ReadAction\",\"target\":[\"https:\/\/www.symbiosys.com\/tr\/product-finder\/\"]}]},{\"@type\":\"BreadcrumbList\",\"@id\":\"https:\/\/www.symbiosys.com\/tr\/product-finder\/#breadcrumb\",\"itemListElement\":[{\"@type\":\"ListItem\",\"position\":1,\"name\":\"Home\",\"item\":\"https:\/\/www.symbiosys.com\/tr\/\"},{\"@type\":\"ListItem\",\"position\":2,\"name\":\"Product finder\"}]},{\"@type\":\"WebSite\",\"@id\":\"https:\/\/www.symbiosys.com\/tr\/#website\",\"url\":\"https:\/\/www.symbiosys.com\/tr\/\",\"name\":\"Symbiosys\",\"description\":\"YA\u015eAM \u0130\u00c7\u0130N M\u0130KROB\u0130YOTA\",\"potentialAction\":[{\"@type\":\"SearchAction\",\"target\":{\"@type\":\"EntryPoint\",\"urlTemplate\":\"https:\/\/www.symbiosys.com\/tr\/?s={search_term_string}\"},\"query-input\":{\"@type\":\"PropertyValueSpecification\",\"valueRequired\":true,\"valueName\":\"search_term_string\"}}],\"inLanguage\":\"tr\"}]}<\/script>\n<!-- \/ Yoast SEO plugin. -->","yoast_head_json":{"title":"Product finder - food supplements, probiotics for inner balance - symbiosys","description":"Where to find your Symbiosys product (Alflorex, Defencia, Bifibaby, Spasmodia, Cystalia), food supplements, probiotics for inner balance, in your area?","robots":{"index":"noindex","follow":"follow"},"og_locale":"tr_TR","og_type":"article","og_title":"Product finder - food supplements, probiotics for inner balance - symbiosys","og_description":"Where to find your Symbiosys product (Alflorex, Defencia, Bifibaby, Spasmodia, Cystalia), food supplements, probiotics for inner balance, in your area?","og_url":"https:\/\/www.symbiosys.com\/tr\/product-finder\/","og_site_name":"Symbiosys","article_modified_time":"2020-12-10T17:03:00+00:00","twitter_card":"summary_large_image","schema":{"@context":"https:\/\/schema.org","@graph":[{"@type":"WebPage","@id":"https:\/\/www.symbiosys.com\/tr\/product-finder\/","url":"https:\/\/www.symbiosys.com\/tr\/product-finder\/","name":"Product finder - food supplements, probiotics for inner balance - symbiosys","isPartOf":{"@id":"https:\/\/www.symbiosys.com\/tr\/#website"},"datePublished":"2018-12-17T09:38:55+00:00","dateModified":"2020-12-10T17:03:00+00:00","description":"Where to find your Symbiosys product (Alflorex, Defencia, Bifibaby, Spasmodia, Cystalia), food supplements, probiotics for inner balance, in your area?","breadcrumb":{"@id":"https:\/\/www.symbiosys.com\/tr\/product-finder\/#breadcrumb"},"inLanguage":"tr","potentialAction":[{"@type":"ReadAction","target":["https:\/\/www.symbiosys.com\/tr\/product-finder\/"]}]},{"@type":"BreadcrumbList","@id":"https:\/\/www.symbiosys.com\/tr\/product-finder\/#breadcrumb","itemListElement":[{"@type":"ListItem","position":1,"name":"Home","item":"https:\/\/www.symbiosys.com\/tr\/"},{"@type":"ListItem","position":2,"name":"Product finder"}]},{"@type":"WebSite","@id":"https:\/\/www.symbiosys.com\/tr\/#website","url":"https:\/\/www.symbiosys.com\/tr\/","name":"Symbiosys","description":"YA\u015eAM \u0130\u00c7\u0130N M\u0130KROB\u0130YOTA","potentialAction":[{"@type":"SearchAction","target":{"@type":"EntryPoint","urlTemplate":"https:\/\/www.symbiosys.com\/tr\/?s={search_term_string}"},"query-input":{"@type":"PropertyValueSpecification","valueRequired":true,"valueName":"search_term_string"}}],"inLanguage":"tr"}]}},"_links":{"self":[{"href":"https:\/\/www.symbiosys.com\/tr\/wp-json\/wp\/v2\/pages\/4222","targetHints":{"allow":["GET"]}}],"collection":[{"href":"https:\/\/www.symbiosys.com\/tr\/wp-json\/wp\/v2\/pages"}],"about":[{"href":"https:\/\/www.symbiosys.com\/tr\/wp-json\/wp\/v2\/types\/page"}],"author":[{"embeddable":true,"href":"https:\/\/www.symbiosys.com\/tr\/wp-json\/wp\/v2\/users\/73"}],"replies":[{"embeddable":true,"href":"https:\/\/www.symbiosys.com\/tr\/wp-json\/wp\/v2\/comments?post=4222"}],"version-history":[{"count":4,"href":"https:\/\/www.symbiosys.com\/tr\/wp-json\/wp\/v2\/pages\/4222\/revisions"}],"predecessor-version":[{"id":54822,"href":"https:\/\/www.symbiosys.com\/tr\/wp-json\/wp\/v2\/pages\/4222\/revisions\/54822"}],"wp:attachment":[{"href":"https:\/\/www.symbiosys.com\/tr\/wp-json\/wp\/v2\/media?parent=4222"}],"curies":[{"name":"wp","href":"https:\/\/api.w.org\/{rel}","templated":true}]}}