{"id":8638,"date":"2018-11-16T15:36:41","date_gmt":"2018-11-16T14:36:41","guid":{"rendered":"https:\/\/www.symbiosys.com\/mention-legal\/"},"modified":"2020-07-22T17:04:23","modified_gmt":"2020-07-22T15:04:23","slug":"termos-gerais-de-utilizacao","status":"publish","type":"page","link":"https:\/\/www.symbiosys.com\/pt-pt\/termos-gerais-de-utilizacao\/","title":{"rendered":"TERMOS GERAIS DE UTILIZA\u00c7\u00c3O"},"content":{"rendered":"<p style=\"text-align: center;\"><strong>TERMOS GERAIS DE UTILIZA\u00c7\u00c3O<\/strong><\/p>\n<p style=\"text-align: center;\">Do Website www.symbiosys.pt<\/p>\n<p style=\"text-align: center;\"><em>Edi\u00e7\u00e3o de 01\/08\/2019<\/em><\/p>\n<p><strong>1 &#8211; Pre\u00e2mbulo<\/strong><\/p>\n<p>Estes Termos Gerais de Utiliza\u00e7\u00e3o (doravante designados \u201cTGU\u201d) cont\u00eam as diretrizes de uso dos conte\u00fados e servi\u00e7os do <em>Website<\/em> www.symbiosys.pt (doravante denominado \u201c<em>Website<\/em>\u201d) e aplicam-se \u00e0 rela\u00e7\u00e3o entre a sociedade Biocodex Unipessoal Lda (doravante referida como \u201cBIOCODEX\u201d) e o utilizador do Website (doravante referido como \u201cUtilizador\u201d)<\/p>\n<p>A BIOCODEX \u00e9 uma sociedade unipessoal limitada, com um capital social de \u20ac150.000, registada no Registo de Comercial de Lisboa sob o n\u00famero \u00fanico de matr\u00edcula e de pessoa coletiva: 515 036 684, com sede em Avenida da Rep\u00fablica 18, 11 andar, 1050-191 Lisboa, IVA intracomunit\u00e1rio n\u00famero: 515 036 684.<\/p>\n<p>O acesso ao <em>Website<\/em> e ao seu conte\u00fado, bem como o uso dos servi\u00e7os oferecidos pelo <em>Website<\/em>, implicam a aceita\u00e7\u00e3o pelo Utilizador destes TGU. Uma vez que os TGU podem ser alterados a qualquer momento e sem aviso pr\u00e9vio o Utilizador dever\u00e1 consultar sempre previamente os TGU de cada vez que utiliza o Website.<\/p>\n<p><strong>&nbsp;<\/strong><\/p>\n<p><strong>2 \u2013 Informa\u00e7\u00e3o legal<\/strong><\/p>\n<p><u>Titularidade do dom\u00ednio <\/u><u>www.symbiosys.pt<\/u><\/p>\n<table>\n<tbody>\n<tr>\n<td width=\"316\">BIOCODEX<\/p>\n<p>7 avenue Gallieni<\/p>\n<p>94250 GENTILLY<\/p>\n<p>France<\/td>\n<td width=\"316\"><\/td>\n<\/tr>\n<tr>\n<td width=\"316\"><\/td>\n<td width=\"316\"><\/td>\n<\/tr>\n<\/tbody>\n<\/table>\n<p>A BIOCODEX, \u00e9 uma sociedade por a\u00e7\u00f5es simplificada do direito franc\u00eas, com um capital social de \u20ac4,284,000, registada no registo comercial sob o n\u00famero 562 064 600 R.C.S. CRETEIL, com sede em 7 avenue Gallieni 94250, GENTILLY, Fran\u00e7a. IVA intracomunit\u00e1rio n\u00famero: FR35562064600.<\/p>\n<p>A BIOCODEX, sociedade do grupo titular do dom\u00ednio www.symbiosis.pt, e a Biocodex Unipessoal, Lda, s\u00e3o sociedades do mesmo grupo.<\/p>\n<p><u>&nbsp;<\/u><\/p>\n<p>A Biocodex Unipessoal, Lda, \u00e9 a entidade editora e respons\u00e1vel pelo conte\u00fado deste <em>Website.<\/em><\/p>\n<p><u>&nbsp;<\/u><\/p>\n<p><u>O site <\/u><u>www.symbiosys.pt encontra-se alojado na:<\/u><\/p>\n<p>ALTERWAY<\/p>\n<p>227 Bureaux de la colline<\/p>\n<p>1 rue Royale \u2013 B\u00e2t. D<\/p>\n<p>92210 SAINT CLOUD<\/p>\n<p>Fran\u00e7a<\/p>\n<p>+33(0) 1 41 16 34 95<\/p>\n<p><strong>3 &#8211; Finalidade do <em>Website<\/em> e acesso aos servi\u00e7os<\/strong><\/p>\n<p><strong>&nbsp;<\/strong><\/p>\n<p>O <em>Website<\/em> foi desenvolvido para apresentar e informar sobre o dispositivo m\u00e9dico Alflorex\u00ae comercializado pela BIOCODEX e outros produtos que a BIOCODEX venha a comercializar.<\/p>\n<p>O <em>Website<\/em> \u00e9 acess\u00edvel a qualquer Utilizador com uma liga\u00e7\u00e3o \u00e0 internet. Todas as despesas envolvidas no acesso ao <em>Website<\/em> (<em>hardware<\/em> do computador, <em>software<\/em>, liga\u00e7\u00e3o \u00e0 Internet, etc.) s\u00e3o da responsabilidade do Utilizador<\/p>\n<p>O <em>Website<\/em> permite ao Utilizador acesso aos seguintes servi\u00e7os:<\/p>\n<ul>\n<li>informa\u00e7\u00f5es gerais sobre a microbiota e produtos comercializados pela BIOCODEX;<\/li>\n<li>artigos e dicas (blog);<\/li>\n<li>testemunhos;<\/li>\n<li>assinatura do boletim informativo;<\/li>\n<li>formul\u00e1rio de contato.<\/li>\n<\/ul>\n<p>Os testemunhos publicados ou as opini\u00f5es emitidas por peritos refletem exclusivamente as opini\u00f5es pessoais dos seus autores ou da publica\u00e7\u00e3o correspondente, n\u00e3o sendo a BIOCODEX respons\u00e1vel pelo conte\u00fado de tais testemunhos.<\/p>\n<p>A BIOCODEX utiliza todas as ferramentas \u00e0 sua disposi\u00e7\u00e3o para garantir acesso de alta qualidade ao <em>Website<\/em> e aos seus servi\u00e7os. No entanto, a BIOCODEX n\u00e3o garante que o website esteja sempre dispon\u00edvel no momento em que o Utilizador deseja aceder ao mesmo.<\/p>\n<p>O acesso ao <em>Website<\/em> e respetivos servi\u00e7os pode, a qualquer momento e sem aviso pr\u00e9vio, ser interrompido, suspenso ou alterado para fins de manuten\u00e7\u00e3o ou por qualquer outro motivo.<\/p>\n<p>A BIOCODEX n\u00e3o \u00e9 respons\u00e1vel por preju\u00edzos decorrentes de interfer\u00eancias, interrup\u00e7\u00f5es, v\u00edrus inform\u00e1ticos, avarias ou desconex\u00f5es do sistema operativo que possam impedir temporariamente o acesso ou navega\u00e7\u00e3o do Utilizador.<\/p>\n<p>O Utilizador pode entrar em contato com a BIOCODEX por e-mail, usando o formul\u00e1rio de contato disponibilizado ou atrav\u00e9s do email info@biocodex.pt.<\/p>\n<p><strong>4 \u2013 Responsabilidade<\/strong><\/p>\n<p>De acordo com a legisla\u00e7\u00e3o em vigor, os dispositivos m\u00e9dicos comercializados pela BIOCODEX s\u00e3o notificados ao INFARMED.<\/p>\n<p>Qualquer informa\u00e7\u00e3o relacionada com o bem-estar fornecida no <em>Website<\/em> \u00e9 apresentada apenas para fins informativos. O Utilizador dever\u00e1 sempre ler cuidadosamente a rotulagem e as instru\u00e7\u00f5es de utiliza\u00e7\u00e3o do produto em causa. Esta informa\u00e7\u00e3o n\u00e3o pretende cobrir todos os aspetos relativos ao bem-estar e nutri\u00e7\u00e3o. O Utilizador consulta o <em>Website<\/em> sob sua exclusiva responsabilidade. O Utilizador reconhece e concorda n\u00e3o confiar nas informa\u00e7\u00f5es contidas no <em>Website<\/em> para tomar decis\u00f5es sobre sua sa\u00fade ou sobre poss\u00edveis tratamentos m\u00e9dicos, devendo sempre obter a orienta\u00e7\u00e3o de um profissional de sa\u00fade. A BIOCODEX esfor\u00e7a-se por fornecer informa\u00e7\u00f5es de qualidade verificadas. No entanto, n\u00e3o pode garantir plenamente a exatid\u00e3o, atualiza\u00e7\u00f5es e completude da informa\u00e7\u00e3o dispon\u00edvel no <em>Website. <\/em>Nestes termos, \u00e0 exce\u00e7\u00e3o de danos causados com neglig\u00eancia grave ou dolo por parte da BIOCODEX, a \u00faltima n\u00e3o assume&nbsp; responsabilidade por danos causados com neglig\u00eancia leve, designadamente por inexatid\u00e3o, erro ou omiss\u00e3o dispon\u00edvel no<em> Website<\/em>.<\/p>\n<p>Quaisquer hiperliga\u00e7\u00f5es de sa\u00edda \u201c<em>outbound\u201d<\/em> presentes no <em>Website<\/em> permitem ao Utilizador o acesso a informa\u00e7\u00f5es e outros recursos complementares dispon\u00edveis na Internet, ou a partilha de informa\u00e7\u00f5es em redes sociais. A BIOCODEX n\u00e3o tem forma de controlar o conte\u00fado de <em>Website<\/em>s de terceiros completamente independentes e, como tal, n\u00e3o pode ser responsabilizada pelas consequ\u00eancias do acesso a tais <em>website<\/em>s de terceiros e ao conte\u00fado dos mesmos.<\/p>\n<p><strong>5 \u2013 Propriedade Intelectual <\/strong><\/p>\n<p>O <em>Website<\/em>, assim como todos os elementos que o comp\u00f5em (como marcas, logotipos, textos, fotografias, bancos de dados, etc.), s\u00e3o propriedade exclusiva da BIOCODEX, das empresas do grupo da BIOCODEX ou dos seus fornecedores, e est\u00e3o protegidos pelo C\u00f3digo de Direitos de Autor e Direitos Conexos e\/ou pelo C\u00f3digo de Propriedade Industrial.<\/p>\n<p>O Utilizador concorda usar o conte\u00fado do <em>Website<\/em> num contexto estritamente privado. \u00c9 proibida qualquer reprodu\u00e7\u00e3o parcial ou completa do <em>Website,<\/em> ou de qualquer uma das suas partes, em qualquer meio ou formato, para quaisquer outros fins e, particularmente, para fins comerciais, sem a autoriza\u00e7\u00e3o escrita da BIOCODEX.<\/p>\n<p><strong>6 &#8211; Disposi\u00e7\u00f5es Finais<\/strong><\/p>\n<p>A invalidade ou inefic\u00e1cia de qualquer uma das disposi\u00e7\u00f5es destes TGU n\u00e3o afetar\u00e1 a vig\u00eancia das restantes permanecendo a BIOCODEX e o Utilizador plenamente vinculados ao seu cumprimento.<\/p>\n<p><strong>7 &#8211; Lei Aplic\u00e1vel e Foro Competente<\/strong><\/p>\n<p>Os presentes TGU s\u00e3o regidos pela lei Portuguesa. Qualquer conflito ou diverg\u00eancia de interpreta\u00e7\u00e3o ser\u00e1 submetido ao Tribunal portugu\u00eas territorialmente competente. Esta disposi\u00e7\u00e3o n\u00e3o afeta os outros direitos reconhecidos ao consumidor pela legisla\u00e7\u00e3o aplic\u00e1vel.<\/p>\n<p><strong>9 &#8211; Contactos<\/strong><\/p>\n<p>Caso o Utilizador tenha alguma d\u00favida sobre os presentes TGU ou qualquer coment\u00e1rio sobre o <em>Website,<\/em> por favor contacte a BIOCODEX atrav\u00e9s do email info@biocodex.pt ou atrav\u00e9s do telefone: +351 211 319 134.<\/p>\n<p>O Utilizador declara aceitar integralmente e sem reserva os presentes TGU.<\/p>\n","protected":false},"excerpt":{"rendered":"<p>TERMOS GERAIS DE UTILIZA\u00c7\u00c3O Do Website www.symbiosys.pt Edi\u00e7\u00e3o de 01\/08\/2019 1 &#8211; Pre\u00e2mbulo Estes Termos Gerais de Utiliza\u00e7\u00e3o (doravante designados \u201cTGU\u201d) cont\u00eam as diretrizes de uso dos conte\u00fados e servi\u00e7os do Website www.symbiosys.pt (doravante denominado \u201cWebsite\u201d) e aplicam-se \u00e0 rela\u00e7\u00e3o entre a sociedade Biocodex Unipessoal Lda (doravante referida como \u201cBIOCODEX\u201d) e o utilizador do Website &hellip; <a href=\"https:\/\/www.symbiosys.com\/pt-pt\/termos-gerais-de-utilizacao\/\">Continued<\/a><\/p>\n","protected":false},"author":1,"featured_media":0,"parent":0,"menu_order":0,"comment_status":"closed","ping_status":"closed","template":"template-legal.php","meta":{"footnotes":""},"class_list":["post-8638","page","type-page","status-publish","hentry"],"acf":[],"yoast_head":"<!-- This site is optimized with the Yoast SEO plugin v27.3 - https:\/\/yoast.com\/product\/yoast-seo-wordpress\/ -->\n<title>Termos gerais de utiliza\u00e7\u00e3o - Symbiosys<\/title>\n<meta name=\"description\" content=\"Termos gerais de utiliza\u00e7\u00e3o - Symbiosys\" \/>\n<meta name=\"robots\" content=\"index, follow, max-snippet:-1, max-image-preview:large, max-video-preview:-1\" \/>\n<link rel=\"canonical\" href=\"https:\/\/www.symbiosys.com\/pt-pt\/termos-gerais-de-utilizacao\/\" \/>\n<meta property=\"og:locale\" content=\"pt_PT\" \/>\n<meta property=\"og:type\" content=\"article\" \/>\n<meta property=\"og:title\" content=\"Termos gerais de utiliza\u00e7\u00e3o - Symbiosys\" \/>\n<meta property=\"og:description\" content=\"Termos gerais de utiliza\u00e7\u00e3o - Symbiosys\" \/>\n<meta property=\"og:url\" content=\"https:\/\/www.symbiosys.com\/pt-pt\/termos-gerais-de-utilizacao\/\" \/>\n<meta property=\"og:site_name\" content=\"Symbiosys\" \/>\n<meta property=\"article:modified_time\" content=\"2020-07-22T15:04:23+00:00\" \/>\n<meta name=\"twitter:card\" content=\"summary_large_image\" \/>\n<meta name=\"twitter:label1\" content=\"Est. reading time\" \/>\n\t<meta name=\"twitter:data1\" content=\"5 minutos\" \/>\n<script type=\"application\/ld+json\" class=\"yoast-schema-graph\">{\"@context\":\"https:\\\/\\\/schema.org\",\"@graph\":[{\"@type\":\"WebPage\",\"@id\":\"https:\\\/\\\/www.symbiosys.com\\\/pt-pt\\\/termos-gerais-de-utilizacao\\\/\",\"url\":\"https:\\\/\\\/www.symbiosys.com\\\/pt-pt\\\/termos-gerais-de-utilizacao\\\/\",\"name\":\"Termos gerais de utiliza\u00e7\u00e3o - Symbiosys\",\"isPartOf\":{\"@id\":\"https:\\\/\\\/www.symbiosys.com\\\/pt-pt\\\/#website\"},\"datePublished\":\"2018-11-16T14:36:41+00:00\",\"dateModified\":\"2020-07-22T15:04:23+00:00\",\"description\":\"Termos gerais de utiliza\u00e7\u00e3o - Symbiosys\",\"breadcrumb\":{\"@id\":\"https:\\\/\\\/www.symbiosys.com\\\/pt-pt\\\/termos-gerais-de-utilizacao\\\/#breadcrumb\"},\"inLanguage\":\"pt-PT\",\"potentialAction\":[{\"@type\":\"ReadAction\",\"target\":[\"https:\\\/\\\/www.symbiosys.com\\\/pt-pt\\\/termos-gerais-de-utilizacao\\\/\"]}]},{\"@type\":\"BreadcrumbList\",\"@id\":\"https:\\\/\\\/www.symbiosys.com\\\/pt-pt\\\/termos-gerais-de-utilizacao\\\/#breadcrumb\",\"itemListElement\":[{\"@type\":\"ListItem\",\"position\":1,\"name\":\"Home\",\"item\":\"https:\\\/\\\/www.symbiosys.com\\\/pt-pt\\\/\"},{\"@type\":\"ListItem\",\"position\":2,\"name\":\"TERMOS GERAIS DE UTILIZA\u00c7\u00c3O\"}]},{\"@type\":\"WebSite\",\"@id\":\"https:\\\/\\\/www.symbiosys.com\\\/pt-pt\\\/#website\",\"url\":\"https:\\\/\\\/www.symbiosys.com\\\/pt-pt\\\/\",\"name\":\"Symbiosys\",\"description\":\"Microbiota for life\",\"potentialAction\":[{\"@type\":\"SearchAction\",\"target\":{\"@type\":\"EntryPoint\",\"urlTemplate\":\"https:\\\/\\\/www.symbiosys.com\\\/pt-pt\\\/?s={search_term_string}\"},\"query-input\":{\"@type\":\"PropertyValueSpecification\",\"valueRequired\":true,\"valueName\":\"search_term_string\"}}],\"inLanguage\":\"pt-PT\"}]}<\/script>\n<!-- \/ Yoast SEO plugin. -->","yoast_head_json":{"title":"Termos gerais de utiliza\u00e7\u00e3o - Symbiosys","description":"Termos gerais de utiliza\u00e7\u00e3o - Symbiosys","robots":{"index":"index","follow":"follow","max-snippet":"max-snippet:-1","max-image-preview":"max-image-preview:large","max-video-preview":"max-video-preview:-1"},"canonical":"https:\/\/www.symbiosys.com\/pt-pt\/termos-gerais-de-utilizacao\/","og_locale":"pt_PT","og_type":"article","og_title":"Termos gerais de utiliza\u00e7\u00e3o - Symbiosys","og_description":"Termos gerais de utiliza\u00e7\u00e3o - Symbiosys","og_url":"https:\/\/www.symbiosys.com\/pt-pt\/termos-gerais-de-utilizacao\/","og_site_name":"Symbiosys","article_modified_time":"2020-07-22T15:04:23+00:00","twitter_card":"summary_large_image","twitter_misc":{"Est. reading time":"5 minutos"},"schema":{"@context":"https:\/\/schema.org","@graph":[{"@type":"WebPage","@id":"https:\/\/www.symbiosys.com\/pt-pt\/termos-gerais-de-utilizacao\/","url":"https:\/\/www.symbiosys.com\/pt-pt\/termos-gerais-de-utilizacao\/","name":"Termos gerais de utiliza\u00e7\u00e3o - Symbiosys","isPartOf":{"@id":"https:\/\/www.symbiosys.com\/pt-pt\/#website"},"datePublished":"2018-11-16T14:36:41+00:00","dateModified":"2020-07-22T15:04:23+00:00","description":"Termos gerais de utiliza\u00e7\u00e3o - Symbiosys","breadcrumb":{"@id":"https:\/\/www.symbiosys.com\/pt-pt\/termos-gerais-de-utilizacao\/#breadcrumb"},"inLanguage":"pt-PT","potentialAction":[{"@type":"ReadAction","target":["https:\/\/www.symbiosys.com\/pt-pt\/termos-gerais-de-utilizacao\/"]}]},{"@type":"BreadcrumbList","@id":"https:\/\/www.symbiosys.com\/pt-pt\/termos-gerais-de-utilizacao\/#breadcrumb","itemListElement":[{"@type":"ListItem","position":1,"name":"Home","item":"https:\/\/www.symbiosys.com\/pt-pt\/"},{"@type":"ListItem","position":2,"name":"TERMOS GERAIS DE UTILIZA\u00c7\u00c3O"}]},{"@type":"WebSite","@id":"https:\/\/www.symbiosys.com\/pt-pt\/#website","url":"https:\/\/www.symbiosys.com\/pt-pt\/","name":"Symbiosys","description":"Microbiota for life","potentialAction":[{"@type":"SearchAction","target":{"@type":"EntryPoint","urlTemplate":"https:\/\/www.symbiosys.com\/pt-pt\/?s={search_term_string}"},"query-input":{"@type":"PropertyValueSpecification","valueRequired":true,"valueName":"search_term_string"}}],"inLanguage":"pt-PT"}]}},"_links":{"self":[{"href":"https:\/\/www.symbiosys.com\/pt-pt\/wp-json\/wp\/v2\/pages\/8638","targetHints":{"allow":["GET"]}}],"collection":[{"href":"https:\/\/www.symbiosys.com\/pt-pt\/wp-json\/wp\/v2\/pages"}],"about":[{"href":"https:\/\/www.symbiosys.com\/pt-pt\/wp-json\/wp\/v2\/types\/page"}],"author":[{"embeddable":true,"href":"https:\/\/www.symbiosys.com\/pt-pt\/wp-json\/wp\/v2\/users\/1"}],"replies":[{"embeddable":true,"href":"https:\/\/www.symbiosys.com\/pt-pt\/wp-json\/wp\/v2\/comments?post=8638"}],"version-history":[{"count":4,"href":"https:\/\/www.symbiosys.com\/pt-pt\/wp-json\/wp\/v2\/pages\/8638\/revisions"}],"predecessor-version":[{"id":10133,"href":"https:\/\/www.symbiosys.com\/pt-pt\/wp-json\/wp\/v2\/pages\/8638\/revisions\/10133"}],"wp:attachment":[{"href":"https:\/\/www.symbiosys.com\/pt-pt\/wp-json\/wp\/v2\/media?parent=8638"}],"curies":[{"name":"wp","href":"https:\/\/api.w.org\/{rel}","templated":true}]}}