{"id":8634,"date":"2019-01-07T17:12:01","date_gmt":"2019-01-07T16:12:01","guid":{"rendered":"https:\/\/www.symbiosys.com\/cookie-policy\/"},"modified":"2020-11-25T15:37:30","modified_gmt":"2020-11-25T14:37:30","slug":"politica-de-cookies","status":"publish","type":"page","link":"https:\/\/www.symbiosys.com\/pt-pt\/politica-de-cookies\/","title":{"rendered":"Pol\u00edtica de cookies"},"content":{"rendered":"<p style=\"text-align: center\"><strong>POL\u00cdTICA DE COOKIES<\/strong><\/p>\n<p style=\"text-align: center\">Do Website www.symbiosys.pt<\/p>\n<p>A presente pol\u00edtica de cookies pretende explicar como \u00e9 utilizada a informa\u00e7\u00e3o pessoal recolhida quando utiliza o site www.symbiosys.pt. O nosso site utiliza cookies, para lhe oferecer uma experi\u00eancia \u00fanica e personalizada, podendo partilhar com os nossos parceiros dados agregados com o fim de melhorar o website e a sua experi\u00eancia de navega\u00e7\u00e3o.<\/p>\n<ul>\n<li><strong><u>1. Dados pessoais recolhidos atrav\u00e9s de <em>cookies<\/em><\/u><\/strong><\/li>\n<\/ul>\n<p><em>O que \u00e9 um cookie e o para que serve?<\/em><\/p>\n<p>Um <em>cookie<\/em> \u00e9 um pequeno ficheiro de texto que pode ser armazenado no computador do Utilizador enquanto este navega no <em>Website<\/em>.<\/p>\n<p><em>Finalidade e base legal do tratamento<\/em><\/p>\n<p><em>\u00a0<\/em><\/p>\n<p>BIOCODEX utiliza <em>cookies<\/em> para melhorar a experi\u00eancia do Utilizador, gerar estat\u00edsticas do \u00edndice de audi\u00eancia e otimizar a navega\u00e7\u00e3o no <em>Website<\/em>.<\/p>\n<p>A base legal para o tratamento \u00e9 o interesse leg\u00edtimo da BIOCODEX ou o consentimento do titular, dependendo do tipo de cookies.<\/p>\n<p><em>Categoria de titulares dos dados<\/em><\/p>\n<p>Todos os Utilizadores do <em>Website<\/em>.<\/p>\n<p><em>Tipos de cookies e como s\u00e3o geridos<\/em><\/p>\n<p>Alguns <em>cookies<\/em> s\u00e3o necess\u00e1rios para o bom funcionamento do <em>Website<\/em> (por exemplo, quando o acesso a determinados recursos requer a autentica\u00e7\u00e3o do Utilizador), os quais s\u00e3o tratados com base em interesse leg\u00edtimo. Outros recursos do <em>Website<\/em> dependem de servi\u00e7os oferecidos por terceiros, que podem armazenar <em>cookies<\/em> no computador do utilizador capazes de rastrear a sua navega\u00e7\u00e3o para o envio de informa\u00e7\u00f5es direcionadas (publicidade, na maioria dos casos). O uso desses tipos de <em>cookies<\/em> requer o consentimento pr\u00e9vio do Utilizador.<\/p>\n<p>Os navegadores de internet mais recentes tornam poss\u00edvel configurar o uso de <em>cookies<\/em>. Para mais esclarecimentos o Utilizador pode obter informa\u00e7\u00f5es do editor do navegador.<\/p>\n<p><em>Como configurar cookies no Website<\/em><\/p>\n<p>De acordo com as atuais regulamenta\u00e7\u00f5es, a BIOCODEX exibe uma \u201cbarra de <em>cookies<\/em>\u201d no seu <em>Website<\/em>.<\/p>\n<p>A barra de <em>cookies<\/em> \u00e9 um mecanismo obrigat\u00f3rio e exigido pela GDPR para informar o Utilizador sobre a poss\u00edvel presen\u00e7a de <em>cookies<\/em> e a sua finalidade e para permitir que o Utilizador os aceite ou recuse.<\/p>\n<p>O Utilizador pode obter mais informa\u00e7\u00f5es sobre os servi\u00e7os de terceiros e o tipo de <em>cookies<\/em> armazenados e pode aceitar ou recusar todos os <em>cookies<\/em>, ou alguns, na base de cada servi\u00e7o.<\/p>\n<ul>\n<li>O Utilizador pode alterar as suas prefer\u00eancias a qualquer momento.<\/li>\n<\/ul>\n<p><em>Categorias de dados pessoais tratados<\/em><\/p>\n<p>Categorias de dados e per\u00edodo de conserva\u00e7\u00e3o:<\/p>\n<ul>\n<li><em>Cookies<\/em> necess\u00e1rios ao bom funcionamento do <em>Website<\/em>: sess\u00e3o do Utilizador<\/li>\n<li><em>Cookies<\/em> de <em>website<\/em>s de terceiros: at\u00e9 13 meses<\/li>\n<li>Dados recolhidos para estat\u00edsticas: at\u00e9 36 meses em caso de inatividade<\/li>\n<\/ul>\n<p><em>Destinat\u00e1rios dos dados<\/em><\/p>\n<p>Interno:<\/p>\n<p>Pessoas autorizadas da BIOCODEX:<\/p>\n<p>&#8211; respons\u00e1vel pelo marketing<\/p>\n<p>&#8211; respons\u00e1vel pela manuten\u00e7\u00e3o do <em>Website<\/em><\/p>\n<p>Externo:<\/p>\n<p>Terceiros que recebem <em>cookies e prazos de conserva\u00e7\u00e3o:<\/em><\/p>\n<p><em>\u00a0<\/em><\/p>\n<p><em>Categoria: Prefer\u00eancias<\/em><\/p>\n<p>Nome do cookie: _icl_current_language<\/p>\n<p>Destinat\u00e1rio: symbiosys.org<\/p>\n<p>Prazo de conserva\u00e7\u00e3o: 1 dia<\/p>\n<p><em>\u00a0<\/em><\/p>\n<p><em>Categoria:Marketing<\/em><\/p>\n<p>Nome do cookie:_fbp<\/p>\n<p>Destinat\u00e1rio: symbiosys.org<\/p>\n<p>Prazo de conserva\u00e7\u00e3o: 3 meses<\/p>\n<p><em>\u00a0<\/em><\/p>\n<p>Nome do cookie: fr facebook.com<\/p>\n<p>Destinat\u00e1rio: facebook.com<\/p>\n<p>Prazo de conserva\u00e7\u00e3o: 3 meses<\/p>\n<p><em>\u00a0<\/em><\/p>\n<p>Nome do cookie: tr<\/p>\n<p>Destinat\u00e1rio: facebook.com<\/p>\n<p>Prazo de conserva\u00e7\u00e3o: durante a sess\u00e3o.<\/p>\n<p><em>\u00a0<\/em><\/p>\n<p><em>Categoria:<\/em> <em>N\u00e3o classificado<\/em><\/p>\n<p>Nome do cookie: tartaucitron<\/p>\n<p>Destinat\u00e1rio: symbiosys.org<\/p>\n<p>Prazo de conserva\u00e7\u00e3o: 1 ano.<\/p>\n<p>Os dados pessoais poder\u00e3o ser tratados por empresas do Grupo, na qualidade de subcontratantes, para a finalidade de alojamento, assist\u00eancia e manuten\u00e7\u00e3o de sistemas.<\/p>\n<p>Alguns <em>cookies<\/em> podem transferir dados para fora da UE:<\/p>\n<p>Pa\u00eds destinat\u00e1rio: Estados Unidos<\/p>\n<p>Condi\u00e7\u00f5es (GDPR artigos 45, 46, 47): Prote\u00e7\u00e3o de Privacidade<\/p>\n<p>Alguns destes prestadores t\u00eam a sua sede localizada fora do EEE o que implica uma partilha transfer\u00eancia internacional dos seus dados para os Estados Unidos. Embora estes pa\u00edses n\u00e3o ofere\u00e7am um n\u00edvel de prote\u00e7\u00e3o adequado, tomaremos as salvaguardas necess\u00e1rias para garantir o tratamento seguro dos seus dados, atrav\u00e9s de contratos celebrados contendo cl\u00e1usulas contratuais tipo da Uni\u00e3o Europeia. A BIOCODEX compromete-se a adotar as salvaguardas adequadas para a prote\u00e7\u00e3o dos seus dados.<\/p>\n<p><em>Obten\u00e7\u00e3o de consentimento<\/em><\/p>\n<p>O uso de <em>cookies<\/em> que n\u00e3o sejam necess\u00e1rios para o funcionamento do <em>Website<\/em> requer o consentimento do Utilizador.<\/p>\n<p>Para aceitar todos os <em>cookies<\/em>: \u00a0\u00a0\u00a0\u00a0\u00a0\u00a0\u00a0\u00a0\u00a0\u00a0\u00a0\u00a0\u00a0\u00a0\u00a0\u00a0\u00a0\u00a0\u00a0\u00a0\u00a0\u00a0\u00a0\u00a0\u00a0\u00a0\u00a0\u00a0\u00a0\u00a0\u00a0\u00a0\u00a0\u00a0\u00a0\u00a0\u00a0\u00a0\u00a0\u00a0\u00a0\u00a0\u00a0\u00a0\u00a0\u00a0\u00a0\u00a0\u00a0\u00a0\u00a0\u00a0\u00a0\u00a0\u00a0\u00a0\u00a0\u00a0\u00a0\u00a0\u00a0\u00a0\u00a0\u00a0\u00a0\u00a0\u00a0\u00a0\u00a0\u00a0\u00a0\u00a0\u00a0\u00a0\u00a0\u00a0\u00a0\u00a0\u00a0\u00a0\u00a0 [Aceitar todos]<\/p>\n<p>Para saber mais sobre os <em>cookies<\/em> usados, aceites ou recusados: \u00a0\u00a0\u00a0\u00a0 \u00a0\u00a0\u00a0\u00a0\u00a0\u00a0\u00a0\u00a0\u00a0\u00a0\u00a0\u00a0\u00a0\u00a0\u00a0\u00a0\u00a0\u00a0 [Configurar]<\/p>\n<ul>\n<li><strong><u>2. Seguran\u00e7a de dados pessoais<\/u><\/strong><\/li>\n<\/ul>\n<p>A BIOCODEX toma todas as precau\u00e7\u00f5es necess\u00e1rias para preservar a seguran\u00e7a dos dados pessoais dos Utilizadores e, em particular, tenta impedir que esses dados sejam distorcidos ou danificados, assim com impedir o acesso de terceiros n\u00e3o autorizados.<\/p>\n<p>A BIOCODEX usa o protocolo HTTPS no <em>Website<\/em>. Esse mecanismo de seguran\u00e7a permite que o utilizador verifique a identidade do <em>website<\/em> a que est\u00e1 a aceder gra\u00e7as a um certificado de autentica\u00e7\u00e3o emitido por uma autoridade terceira considerada fi\u00e1vel. Tamb\u00e9m ajuda a garantir a confidencialidade e a integridade dos dados enviados pelo Utilizador, como por exemplo as informa\u00e7\u00f5es inseridas no formul\u00e1rio de contacto.<\/p>\n<ul>\n<li><strong><u>3. Direitos dos titulares dos dados <\/u><\/strong><\/li>\n<\/ul>\n<p>Em conformidade com a regulamenta\u00e7\u00e3o aplic\u00e1vel em mat\u00e9ria de prote\u00e7\u00e3o das pessoas singulares no que diz respeito ao tratamento de dados pessoais e \u00e0 livre circula\u00e7\u00e3o desses dados<sup>1<\/sup>, o utilizador pode, em qualquer momento, exercer o seu direito de acesso e obter uma c\u00f3pia dos dados que lhe digam respeito, solicitar a sua retifica\u00e7\u00e3o ou elimina\u00e7\u00e3o, solicitar limites ao tratamento ou a portabilidade de seus dados ou opor-se ao tratamento<sup>2<\/sup>.<\/p>\n<p>Para exercer seus direitos<sup>3<\/sup> ou para qualquer quest\u00e3o referente ao processamento de seus dados, o Utilizador pode entrar em contacto com o Encarregado da prote\u00e7\u00e3o de dados da BIOCODEX:<\/p>\n<ul>\n<li>por e-mail: <a href=\"mailto:bcxpt-gdpr116@BIOCODEX1.onmicrosoft.com\">bcxpt-gdpr116@BIOCODEX1.onmicrosoft.com<\/a><\/li>\n<li>por correio: \u00a0\u00a0\u00a0\u00a0\u00a0\u00a0\u00a0\u00a0\u00a0\u00a0\u00a0 Biocodex Unipessoal Lda.<\/li>\n<\/ul>\n<p>Av. da Rep\u00fablica 18, 11 andar<\/p>\n<p>1050-191 Lisboa<\/p>\n<p>Portugal<\/p>\n<p>Se, ap\u00f3s entrar em contacto com a BIOCODEX, considerar que seus direitos relativamente a seus dados n\u00e3o foram respeitados ou que foi cometida alguma viola\u00e7\u00e3o da legisla\u00e7\u00e3o em mat\u00e9ria de prote\u00e7\u00e3o de dados em vigor, o Utilizador tem o direito de apresentar uma reclama\u00e7\u00e3o junto da Comiss\u00e3o Nacional de Prote\u00e7\u00e3o de Dados (CNPD) &#8211; <a href=\"https:\/\/www.cnpd.pt\/\">https:\/\/www.cnpd.pt\/<\/a>.<\/p>\n<ol start=\"7\">\n<li><strong><u> Altera\u00e7\u00f5es a esta pol\u00edtica de privacidade<\/u><\/strong><\/li>\n<\/ol>\n<p>Reservamo-nos o direito de atualizar esta pol\u00edtica de privacidade a qualquer momento. Se tiver alguma d\u00favida sobre esta pol\u00edtica de privacidade, entre em contacto com <a href=\"mailto:bcxpt-gdpr116@BIOCODEX1.onmicrosoft.com\">bcxpt-gdpr116@BIOCODEX1.onmicrosoft.com<\/a>.<\/p>\n<p>\u00daltima atualiza\u00e7\u00e3o: 29 de julho 2019.<\/p>\n<p><sup>1<\/sup> Regulamento (UE) 2016\/679 do Parlamento Europeu e do Conselho, de 27 de abril de 2016, que revoga a Diretiva 95\/46\/CE (Regulamento Geral de Prote\u00e7\u00e3o de Dados \u201cGDPR\u201d), direito local da prote\u00e7\u00e3o de dados em vigor no pa\u00eds do Utilizador.<\/p>\n<p><sup>2<\/sup> O Utilizador pode consultar o <em>website<\/em> da autoridade de supervis\u00e3o do seu pa\u00eds para mais informa\u00e7\u00f5es sobre os seus direitos e a regulamenta\u00e7\u00e3o em vigor.<\/p>\n<p><sup>3<\/sup> O exerc\u00edcio desses direitos diz respeito apenas aos dados pessoais do utilizador e s\u00f3 pode ser feito ap\u00f3s a verifica\u00e7\u00e3o de sua identidade. Uma autoriza\u00e7\u00e3o assinada, bem como uma prova de identidade, ser\u00e3o exigidas para examinar uma solicita\u00e7\u00e3o referente a terceiros.<\/p>\n","protected":false},"excerpt":{"rendered":"<p>POL\u00cdTICA DE COOKIES Do Website www.symbiosys.pt A presente pol\u00edtica de cookies pretende explicar como \u00e9 utilizada a informa\u00e7\u00e3o pessoal recolhida quando utiliza o site www.symbiosys.pt. O nosso site utiliza cookies, para lhe oferecer uma experi\u00eancia \u00fanica e personalizada, podendo partilhar com os nossos parceiros dados agregados com o fim de melhorar o website e a &hellip; <a href=\"https:\/\/www.symbiosys.com\/pt-pt\/politica-de-cookies\/\">Continued<\/a><\/p>\n","protected":false},"author":73,"featured_media":0,"parent":0,"menu_order":0,"comment_status":"closed","ping_status":"closed","template":"views\/template-legal.blade.php","meta":{"footnotes":""},"class_list":["post-8634","page","type-page","status-publish","hentry"],"acf":[],"yoast_head":"<!-- This site is optimized with the Yoast SEO plugin v27.3 - https:\/\/yoast.com\/product\/yoast-seo-wordpress\/ -->\n<title>Pol\u00edtica de cookies - Symbiosys<\/title>\n<meta name=\"description\" content=\"Pol\u00edtica de cookies - Symbiosys\" \/>\n<meta name=\"robots\" content=\"noindex, follow\" \/>\n<meta property=\"og:locale\" content=\"pt_PT\" \/>\n<meta property=\"og:type\" content=\"article\" \/>\n<meta property=\"og:title\" content=\"Pol\u00edtica de cookies - Symbiosys\" \/>\n<meta property=\"og:description\" content=\"Pol\u00edtica de cookies - Symbiosys\" \/>\n<meta property=\"og:url\" content=\"https:\/\/www.symbiosys.com\/pt-pt\/politica-de-cookies\/\" \/>\n<meta property=\"og:site_name\" content=\"Symbiosys\" \/>\n<meta property=\"article:modified_time\" content=\"2020-11-25T14:37:30+00:00\" \/>\n<meta name=\"twitter:card\" content=\"summary_large_image\" \/>\n<meta name=\"twitter:label1\" content=\"Est. reading time\" \/>\n\t<meta name=\"twitter:data1\" content=\"6 minutos\" \/>\n<script type=\"application\/ld+json\" class=\"yoast-schema-graph\">{\"@context\":\"https:\\\/\\\/schema.org\",\"@graph\":[{\"@type\":\"WebPage\",\"@id\":\"https:\\\/\\\/www.symbiosys.com\\\/pt-pt\\\/politica-de-cookies\\\/\",\"url\":\"https:\\\/\\\/www.symbiosys.com\\\/pt-pt\\\/politica-de-cookies\\\/\",\"name\":\"Pol\u00edtica de cookies - Symbiosys\",\"isPartOf\":{\"@id\":\"https:\\\/\\\/www.symbiosys.com\\\/pt-pt\\\/#website\"},\"datePublished\":\"2019-01-07T16:12:01+00:00\",\"dateModified\":\"2020-11-25T14:37:30+00:00\",\"description\":\"Pol\u00edtica de cookies - Symbiosys\",\"breadcrumb\":{\"@id\":\"https:\\\/\\\/www.symbiosys.com\\\/pt-pt\\\/politica-de-cookies\\\/#breadcrumb\"},\"inLanguage\":\"pt-PT\",\"potentialAction\":[{\"@type\":\"ReadAction\",\"target\":[\"https:\\\/\\\/www.symbiosys.com\\\/pt-pt\\\/politica-de-cookies\\\/\"]}]},{\"@type\":\"BreadcrumbList\",\"@id\":\"https:\\\/\\\/www.symbiosys.com\\\/pt-pt\\\/politica-de-cookies\\\/#breadcrumb\",\"itemListElement\":[{\"@type\":\"ListItem\",\"position\":1,\"name\":\"Home\",\"item\":\"https:\\\/\\\/www.symbiosys.com\\\/pt-pt\\\/\"},{\"@type\":\"ListItem\",\"position\":2,\"name\":\"Pol\u00edtica de cookies\"}]},{\"@type\":\"WebSite\",\"@id\":\"https:\\\/\\\/www.symbiosys.com\\\/pt-pt\\\/#website\",\"url\":\"https:\\\/\\\/www.symbiosys.com\\\/pt-pt\\\/\",\"name\":\"Symbiosys\",\"description\":\"Microbiota for life\",\"potentialAction\":[{\"@type\":\"SearchAction\",\"target\":{\"@type\":\"EntryPoint\",\"urlTemplate\":\"https:\\\/\\\/www.symbiosys.com\\\/pt-pt\\\/?s={search_term_string}\"},\"query-input\":{\"@type\":\"PropertyValueSpecification\",\"valueRequired\":true,\"valueName\":\"search_term_string\"}}],\"inLanguage\":\"pt-PT\"}]}<\/script>\n<!-- \/ Yoast SEO plugin. -->","yoast_head_json":{"title":"Pol\u00edtica de cookies - Symbiosys","description":"Pol\u00edtica de cookies - Symbiosys","robots":{"index":"noindex","follow":"follow"},"og_locale":"pt_PT","og_type":"article","og_title":"Pol\u00edtica de cookies - Symbiosys","og_description":"Pol\u00edtica de cookies - Symbiosys","og_url":"https:\/\/www.symbiosys.com\/pt-pt\/politica-de-cookies\/","og_site_name":"Symbiosys","article_modified_time":"2020-11-25T14:37:30+00:00","twitter_card":"summary_large_image","twitter_misc":{"Est. reading time":"6 minutos"},"schema":{"@context":"https:\/\/schema.org","@graph":[{"@type":"WebPage","@id":"https:\/\/www.symbiosys.com\/pt-pt\/politica-de-cookies\/","url":"https:\/\/www.symbiosys.com\/pt-pt\/politica-de-cookies\/","name":"Pol\u00edtica de cookies - Symbiosys","isPartOf":{"@id":"https:\/\/www.symbiosys.com\/pt-pt\/#website"},"datePublished":"2019-01-07T16:12:01+00:00","dateModified":"2020-11-25T14:37:30+00:00","description":"Pol\u00edtica de cookies - Symbiosys","breadcrumb":{"@id":"https:\/\/www.symbiosys.com\/pt-pt\/politica-de-cookies\/#breadcrumb"},"inLanguage":"pt-PT","potentialAction":[{"@type":"ReadAction","target":["https:\/\/www.symbiosys.com\/pt-pt\/politica-de-cookies\/"]}]},{"@type":"BreadcrumbList","@id":"https:\/\/www.symbiosys.com\/pt-pt\/politica-de-cookies\/#breadcrumb","itemListElement":[{"@type":"ListItem","position":1,"name":"Home","item":"https:\/\/www.symbiosys.com\/pt-pt\/"},{"@type":"ListItem","position":2,"name":"Pol\u00edtica de cookies"}]},{"@type":"WebSite","@id":"https:\/\/www.symbiosys.com\/pt-pt\/#website","url":"https:\/\/www.symbiosys.com\/pt-pt\/","name":"Symbiosys","description":"Microbiota for life","potentialAction":[{"@type":"SearchAction","target":{"@type":"EntryPoint","urlTemplate":"https:\/\/www.symbiosys.com\/pt-pt\/?s={search_term_string}"},"query-input":{"@type":"PropertyValueSpecification","valueRequired":true,"valueName":"search_term_string"}}],"inLanguage":"pt-PT"}]}},"_links":{"self":[{"href":"https:\/\/www.symbiosys.com\/pt-pt\/wp-json\/wp\/v2\/pages\/8634","targetHints":{"allow":["GET"]}}],"collection":[{"href":"https:\/\/www.symbiosys.com\/pt-pt\/wp-json\/wp\/v2\/pages"}],"about":[{"href":"https:\/\/www.symbiosys.com\/pt-pt\/wp-json\/wp\/v2\/types\/page"}],"author":[{"embeddable":true,"href":"https:\/\/www.symbiosys.com\/pt-pt\/wp-json\/wp\/v2\/users\/73"}],"replies":[{"embeddable":true,"href":"https:\/\/www.symbiosys.com\/pt-pt\/wp-json\/wp\/v2\/comments?post=8634"}],"version-history":[{"count":8,"href":"https:\/\/www.symbiosys.com\/pt-pt\/wp-json\/wp\/v2\/pages\/8634\/revisions"}],"predecessor-version":[{"id":86632,"href":"https:\/\/www.symbiosys.com\/pt-pt\/wp-json\/wp\/v2\/pages\/8634\/revisions\/86632"}],"wp:attachment":[{"href":"https:\/\/www.symbiosys.com\/pt-pt\/wp-json\/wp\/v2\/media?parent=8634"}],"curies":[{"name":"wp","href":"https:\/\/api.w.org\/{rel}","templated":true}]}}