{"id":10121,"date":"2019-07-31T19:13:01","date_gmt":"2019-07-31T17:13:01","guid":{"rendered":"https:\/\/www.symbiosys.com\/?page_id=10121"},"modified":"2020-11-25T15:37:36","modified_gmt":"2020-11-25T14:37:36","slug":"politica-de-privacidade","status":"publish","type":"page","link":"https:\/\/www.symbiosys.com\/pt-pt\/politica-de-privacidade\/","title":{"rendered":"POL\u00cdTICA DE PRIVACIDADE"},"content":{"rendered":"\r\n<table class=\"wp-block-table aligncenter\">\r\n<tbody>\r\n<tr>\r\n<td>do <em>Website<\/em> www.symbiosys.pt \u00a0<\/td>\r\n<\/tr>\r\n<\/tbody>\r\n<\/table>\r\n\r\n\r\n\r\n<ul class=\"wp-block-list\">\r\n<li><strong>1. Pre\u00e2mbulo<\/strong><\/li>\r\n<\/ul>\r\n\r\n\r\n\r\n<p>A Biocodex Unipessoal Lda com sede na Av. da Rep\u00fablica 18, 11 andar, 1050-191 Lisboa, (doravante referida como \u201cBIOCODEX\u201d), est\u00e1 ciente da import\u00e2ncia de proteger os dados pessoais e est\u00e1 comprometida com o processamento de dados relativos ao Utilizador do <em>Website<\/em>, em conformidade com o Regulamento Geral de Prote\u00e7\u00e3o de Dados (RGPD). A BIOCODEX tratar\u00e1 os seus dados pessoais na qualidade de respons\u00e1vel pelo tratamento.<\/p>\r\n\r\n\r\n\r\n<p>O Utilizador pode navegar livremente no <em>Website<\/em> sem ter que fornecer informa\u00e7\u00f5es pessoais. No entanto, pode utilizar o formul\u00e1rio de contacto e subscrever o boletim informativo e a\u00ed fornecer dados pessoais.<\/p>\r\n\r\n\r\n\r\n<ul class=\"wp-block-list\">\r\n<li><strong>2. Dados pessoais recolhidos atrav\u00e9s do formul\u00e1rio de Contacto <\/strong><\/li>\r\n<\/ul>\r\n\r\n\r\n\r\n<p><em>Finalidade e base legal do tratamento<\/em><\/p>\r\n\r\n\r\n\r\n<p>O formul\u00e1rio de contacto disponibilizado neste <em>Website<\/em> permite ao Utilizador enviar e-mails para a equipa da BIOCODEX respons\u00e1vel pelo tratamento e pelo <em>Website<\/em>. Trataremos os seus dados pessoais para responder \u00e0s suas quest\u00f5es e para dar cumprimento a obriga\u00e7\u00f5es legais de farmacovigil\u00e2ncia, em caso de reporte de rea\u00e7\u00f5es adversas.<\/p>\r\n\r\n\r\n\r\n<p>A base legal para o tratamento dos seus dados pessoais com a finalidade de responder \u00e0s suas quest\u00f5es \u00e9 o nosso interesse leg\u00edtimo. Para a finalidade de farmacovigil\u00e2ncia, tratamos os seus dados por motivos de interesse p\u00fablico no dom\u00ednio da sa\u00fade p\u00fablica a fim de assegurar um elevado n\u00edvel de qualidade e seguran\u00e7a dos medicamentos e dispositivos m\u00e9dicos que comercializamos.<\/p>\r\n\r\n\r\n\r\n<p><em>Categoria de titulares dos dados<\/em><\/p>\r\n\r\n\r\n\r\n<p>Qualquer Utilizador que deseje entrar em contacto com a equipa da BIOCODEX respons\u00e1vel pelo <em>Website<\/em>.<\/p>\r\n\r\n\r\n\r\n<p><em>Categorias de dados pessoais tratados<\/em><\/p>\r\n\r\n\r\n\r\n<ul class=\"wp-block-list\">\r\n<li>Nome<\/li>\r\n<li>Endere\u00e7o de e-mail<\/li>\r\n<li>Rea\u00e7\u00f5es adversas a medicamentos<\/li>\r\n<\/ul>\r\n\r\n\r\n\r\n<p><em>Per\u00edodo de conserva\u00e7\u00e3o de dados<\/em><\/p>\r\n\r\n\r\n\r\n<p>Os dados recolhidos no formul\u00e1rio disponibilizado para efetuar quest\u00f5es ser\u00e3o conservados pelo per\u00edodo necess\u00e1rio para resposta \u00e0 sua quest\u00e3o (Dura\u00e7\u00e3o da correspond\u00eancia) e no caso de reportar rea\u00e7\u00f5es adversas, pelo per\u00edodo imposto por lei.<\/p>\r\n\r\n\r\n\r\n<p>Os dados acima mencionados s\u00e3o fornecidos pelo Utilizador. Salvo disposi\u00e7\u00e3o em contr\u00e1rio, esses dados s\u00e3o obrigat\u00f3rios.<\/p>\r\n\r\n\r\n\r\n<p>O tratamento n\u00e3o inclui qualquer tomada de decis\u00e3o automatizada (caracteriza\u00e7\u00e3o).<\/p>\r\n\r\n\r\n\r\n<p><em>Destinat\u00e1rios de dados<\/em><\/p>\r\n\r\n\r\n\r\n<p>Internos:<\/p>\r\n\r\n\r\n\r\n<p>Pessoas autorizadas da BIOCODEX:<\/p>\r\n\r\n\r\n\r\n<p>&#8211; respons\u00e1vel pelo processamento de e-mails<\/p>\r\n\r\n\r\n\r\n<p>&#8211; respons\u00e1vel pela manuten\u00e7\u00e3o do <em>Website<\/em><\/p>\r\n\r\n\r\n\r\n<p>&#8211; respons\u00e1vel pela farmacovigil\u00e2ncia<\/p>\r\n\r\n\r\n\r\n<p>Externos:<\/p>\r\n\r\n\r\n\r\n<p>A BIOCODEX \u00e9 respons\u00e1vel por comunicar dados relativos \u00e0s rea\u00e7\u00f5es adversas aos medicamentos \u00e0s autoridades competentes, designadamente ao Infarmed e \u00e0 Ag\u00eancia Europeia do Medicamento (EMA), nos termos das disposi\u00e7\u00f5es legais aplic\u00e1veis. No entanto, a BIOCODEX n\u00e3o comunica (ao Infarmed ou \u00e0 EMA) o nome e o contacto da pessoa que sofreu a rea\u00e7\u00e3o adversa.<\/p>\r\n\r\n\r\n\r\n<p>Os dados pessoais poder\u00e3o ser tratados por empresas do Grupo, na qualidade de subcontratantes, para a finalidade de alojamento, assist\u00eancia e manuten\u00e7\u00e3o de sistemas.<\/p>\r\n\r\n\r\n\r\n<p>Nenhum dado \u00e9 transferido para fora da Uni\u00e3o Europeia.<\/p>\r\n\r\n\r\n\r\n<ul class=\"wp-block-list\">\r\n<li><strong>3. Dados pessoais recolhidos atrav\u00e9s da subscri\u00e7\u00e3o do boletim informativo<\/strong><\/li>\r\n<\/ul>\r\n\r\n\r\n\r\n<p><em>Finalidade e base legal do tratamento<\/em><\/p>\r\n\r\n\r\n\r\n<p>A BIOCODEX permite ao Utilizador subscrever o boletim informativo do <em>Website<\/em>.<\/p>\r\n\r\n\r\n\r\n<p>A base legal para o tratamento \u00e9 o consentimento do Utilizador.<\/p>\r\n\r\n\r\n\r\n<p>O Utilizador pode cancelar a subscri\u00e7\u00e3o do boletim informativo (retirar o seu consentimento) a qualquer momento no <em>Website<\/em> ou atrav\u00e9s da hiperliga\u00e7\u00e3o de cancelamento de subscri\u00e7\u00e3o do boletim informativo recebido.<\/p>\r\n\r\n\r\n\r\n<p><em>Categoria de titulares dos dados<\/em><\/p>\r\n\r\n\r\n\r\n<p>Qualquer Utilizador que deseje receber o boletim informativo no endere\u00e7o de e-mail fornecido.<\/p>\r\n\r\n\r\n\r\n<p><em>Categorias de Dados pessoais tratados<\/em><\/p>\r\n\r\n\r\n\r\n<p>Endere\u00e7os de e-mail<\/p>\r\n\r\n\r\n\r\n<p><em>Per\u00edodo de conserva\u00e7\u00e3o de dados<\/em><\/p>\r\n\r\n\r\n\r\n<p>Os seus dados pessoais recolhidos para esta finalidade ir\u00e3o ser conservados at\u00e9 ao prazo m\u00e1ximo de 12 meses a contar do \u00faltimo contacto realizado, e caso, dentro deste per\u00edodo, n\u00e3o tenha retirado o seu consentimento.<\/p>\r\n\r\n\r\n\r\n<p>As informa\u00e7\u00f5es acima mencionadas s\u00e3o fornecidas pelo Utilizador. O tratamento tem como finalidade permitir que o Utilizador receba o boletim informativo do <em>Website<\/em>.<\/p>\r\n\r\n\r\n\r\n<p>O tratamento n\u00e3o inclui qualquer tomada de decis\u00f5es automatizadas (caracteriza\u00e7\u00e3o).<\/p>\r\n\r\n\r\n\r\n<p><em>Destinat\u00e1rios de dados<\/em><\/p>\r\n\r\n\r\n\r\n<p>Interno:<\/p>\r\n\r\n\r\n\r\n<p>Pessoas autorizadas da BIOCODEX:<\/p>\r\n\r\n\r\n\r\n<p>&#8211; respons\u00e1vel pelo processamento do e-mail do boletim informativo<\/p>\r\n\r\n\r\n\r\n<p>&#8211; respons\u00e1vel pela manuten\u00e7\u00e3o do <em>Website<\/em><\/p>\r\n\r\n\r\n\r\n<p>Externo:<\/p>\r\n\r\n\r\n\r\n<p>Os dados pessoais poder\u00e3o ser tratados por empresas do Grupo, na qualidade de subcontratantes, para a finalidade de alojamento, assist\u00eancia e manuten\u00e7\u00e3o de sistemas.<\/p>\r\n\r\n\r\n\r\n<p>Nenhum dado \u00e9 transferido para fora da Uni\u00e3o Europeia.<\/p>\r\n\r\n\r\n\r\n<ul class=\"wp-block-list\">\r\n<li><strong>4. Seguran\u00e7a de dados pessoais<\/strong><\/li>\r\n<\/ul>\r\n\r\n\r\n\r\n<p>A BIOCODEX toma todas as precau\u00e7\u00f5es necess\u00e1rias para preservar a seguran\u00e7a dos dados pessoais dos Utilizadores e, em particular, tenta impedir que esses dados sejam distorcidos ou danificados, assim com impedir o acesso de terceiros n\u00e3o autorizados.<\/p>\r\n\r\n\r\n\r\n<p>A BIOCODEX usa o protocolo HTTPS no <em>Website<\/em>. Esse mecanismo de seguran\u00e7a permite que o utilizador verifique a identidade do <em>website<\/em> a que est\u00e1 a aceder gra\u00e7as a um certificado de autentica\u00e7\u00e3o emitido por uma autoridade terceira considerada fi\u00e1vel. Tamb\u00e9m ajuda a garantir a confidencialidade e a integridade dos dados enviados pelo Utilizador, como por exemplo as informa\u00e7\u00f5es inseridas no formul\u00e1rio de contacto.<\/p>\r\n\r\n\r\n\r\n<ul class=\"wp-block-list\">\r\n<li><strong>5. Direitos dos titulares dos dados<\/strong><\/li>\r\n<\/ul>\r\n\r\n\r\n\r\n<p>Em conformidade com a regulamenta\u00e7\u00e3o aplic\u00e1vel em mat\u00e9ria de prote\u00e7\u00e3o das pessoas singulares no que diz respeito ao tratamento de dados pessoais e \u00e0 livre circula\u00e7\u00e3o desses dados<sup>1<\/sup>, o utilizador pode, em qualquer momento, exercer o seu direito de acesso e obter uma c\u00f3pia dos dados que lhe digam respeito, solicitar a sua retifica\u00e7\u00e3o ou elimina\u00e7\u00e3o, solicitar limites ao tratamento ou a portabilidade de seus dados ou opor-se ao tratamento<sup>2<\/sup>.<\/p>\r\n\r\n\r\n\r\n<p>Para exercer seus direitos<sup>3<\/sup> ou para qualquer quest\u00e3o referente ao processamento de seus dados, o Utilizador pode entrar em contacto com o Encarregado da prote\u00e7\u00e3o de dados da BIOCODEX:<\/p>\r\n\r\n\r\n\r\n<ul class=\"wp-block-list\">\r\n<li>por e-mail:\u00a0\u00a0\u00a0\u00a0\u00a0\u00a0\u00a0\u00a0\u00a0\u00a0\u00a0\u00a0\u00a0\u00a0\u00a0\u00a0\u00a0 <a href=\"mailto:bcxpt-gdpr116@BIOCODEX1.onmicrosoft.com\">bcxpt-gdpr116@BIOCODEX1.onmicrosoft.com<\/a><\/li>\r\n<li>por correio:\u00a0\u00a0\u00a0\u00a0 \u00a0\u00a0\u00a0\u00a0\u00a0\u00a0\u00a0\u00a0\u00a0\u00a0\u00a0 Biocodex Unipessoal Lda.<\/li>\r\n<\/ul>\r\n\r\n\r\n\r\n<p>Av. da Rep\u00fablica 18, 11 andar<\/p>\r\n\r\n\r\n\r\n<p>1050-191 Lisboa<\/p>\r\n\r\n\r\n\r\n<p>Portugal<\/p>\r\n\r\n\r\n\r\n<p>Se, ap\u00f3s entrar em contacto com a BIOCODEX, considerar que seus direitos relativamente a seus dados n\u00e3o foram respeitados ou que foi cometida alguma viola\u00e7\u00e3o da legisla\u00e7\u00e3o em mat\u00e9ria de prote\u00e7\u00e3o de dados em vigor, o Utilizador tem o direito de apresentar uma reclama\u00e7\u00e3o junto da Comiss\u00e3o Nacional de Prote\u00e7\u00e3o de Dados (CNPD) &#8211; <a href=\"https:\/\/www.cnpd.pt\/\">https:\/\/www.cnpd.pt\/<\/a>.<\/p>\r\n\r\n\r\n\r\n<ul class=\"wp-block-list\">\r\n<li><strong>\u00a06. Altera\u00e7\u00f5es a esta pol\u00edtica de privacidade<\/strong><\/li>\r\n<\/ul>\r\n\r\n\r\n\r\n<p>Reservamo-nos o direito de atualizar esta pol\u00edtica de privacidade a qualquer momento. Se tiver alguma d\u00favida sobre esta pol\u00edtica de privacidade, entre em contacto com <a href=\"mailto:bcxpt-gdpr116@BIOCODEX1.onmicrosoft.com\">bcxpt-gdpr116@BIOCODEX1.onmicrosoft.com<\/a>.<\/p>\r\n\r\n\r\n\r\n<p>\u00daltima atualiza\u00e7\u00e3o: 28 de junho 2019.<\/p>\r\n\r\n\r\n\r\n<p><sup>1<\/sup> Regulamento (UE) 2016\/679 do Parlamento Europeu e do Conselho, de 27 de abril de 2016, que revoga a Diretiva 95\/46\/CE (Regulamento Geral de Prote\u00e7\u00e3o de Dados \u201cGDPR\u201d), direito local da prote\u00e7\u00e3o de dados em vigor no pa\u00eds do Utilizador.<\/p>\r\n\r\n\r\n\r\n<p><sup>2<\/sup> O Utilizador pode consultar o <em>website<\/em> da autoridade de supervis\u00e3o do seu pa\u00eds para mais informa\u00e7\u00f5es sobre os seus direitos e a regulamenta\u00e7\u00e3o em vigor.<\/p>\r\n\r\n\r\n\r\n<p><sup>3<\/sup> O exerc\u00edcio desses direitos diz respeito apenas aos dados pessoais do utilizador e s\u00f3 pode ser feito ap\u00f3s a verifica\u00e7\u00e3o de sua identidade. Uma autoriza\u00e7\u00e3o assinada, bem como uma prova de identidade, ser\u00e3o exigidas para examinar uma solicita\u00e7\u00e3o referente a terceiros.<\/p>\r\n","protected":false},"excerpt":{"rendered":"<p>do Website www.symbiosys.pt \u00a0 1. Pre\u00e2mbulo A Biocodex Unipessoal Lda com sede na Av. da Rep\u00fablica 18, 11 andar, 1050-191 Lisboa, (doravante referida como \u201cBIOCODEX\u201d), est\u00e1 ciente da import\u00e2ncia de proteger os dados pessoais e est\u00e1 comprometida com o processamento de dados relativos ao Utilizador do Website, em conformidade com o Regulamento Geral de Prote\u00e7\u00e3o &hellip; <a href=\"https:\/\/www.symbiosys.com\/pt-pt\/politica-de-privacidade\/\">Continued<\/a><\/p>\n","protected":false},"author":73,"featured_media":0,"parent":0,"menu_order":0,"comment_status":"closed","ping_status":"closed","template":"views\/template-legal.blade.php","meta":{"footnotes":""},"class_list":["post-10121","page","type-page","status-publish","hentry"],"acf":[],"yoast_head":"<!-- This site is optimized with the Yoast SEO plugin v27.3 - https:\/\/yoast.com\/product\/yoast-seo-wordpress\/ -->\n<title>Pol\u00edtica de privacidade - Symbiosys<\/title>\n<meta name=\"description\" content=\"Pol\u00edtica de privacidade - Symbiosys\" \/>\n<meta name=\"robots\" content=\"index, follow, max-snippet:-1, max-image-preview:large, max-video-preview:-1\" \/>\n<link rel=\"canonical\" href=\"https:\/\/www.symbiosys.com\/pt-pt\/politica-de-privacidade\/\" \/>\n<meta property=\"og:locale\" content=\"pt_PT\" \/>\n<meta property=\"og:type\" content=\"article\" \/>\n<meta property=\"og:title\" content=\"Pol\u00edtica de privacidade - Symbiosys\" \/>\n<meta property=\"og:description\" content=\"Pol\u00edtica de privacidade - Symbiosys\" \/>\n<meta property=\"og:url\" content=\"https:\/\/www.symbiosys.com\/pt-pt\/politica-de-privacidade\/\" \/>\n<meta property=\"og:site_name\" content=\"Symbiosys\" \/>\n<meta property=\"article:modified_time\" content=\"2020-11-25T14:37:36+00:00\" \/>\n<meta name=\"twitter:card\" content=\"summary_large_image\" \/>\n<meta name=\"twitter:label1\" content=\"Est. reading time\" \/>\n\t<meta name=\"twitter:data1\" content=\"6 minutos\" \/>\n<script type=\"application\/ld+json\" class=\"yoast-schema-graph\">{\"@context\":\"https:\\\/\\\/schema.org\",\"@graph\":[{\"@type\":\"WebPage\",\"@id\":\"https:\\\/\\\/www.symbiosys.com\\\/pt-pt\\\/politica-de-privacidade\\\/\",\"url\":\"https:\\\/\\\/www.symbiosys.com\\\/pt-pt\\\/politica-de-privacidade\\\/\",\"name\":\"Pol\u00edtica de privacidade - Symbiosys\",\"isPartOf\":{\"@id\":\"https:\\\/\\\/www.symbiosys.com\\\/pt-pt\\\/#website\"},\"datePublished\":\"2019-07-31T17:13:01+00:00\",\"dateModified\":\"2020-11-25T14:37:36+00:00\",\"description\":\"Pol\u00edtica de privacidade - Symbiosys\",\"breadcrumb\":{\"@id\":\"https:\\\/\\\/www.symbiosys.com\\\/pt-pt\\\/politica-de-privacidade\\\/#breadcrumb\"},\"inLanguage\":\"pt-PT\",\"potentialAction\":[{\"@type\":\"ReadAction\",\"target\":[\"https:\\\/\\\/www.symbiosys.com\\\/pt-pt\\\/politica-de-privacidade\\\/\"]}]},{\"@type\":\"BreadcrumbList\",\"@id\":\"https:\\\/\\\/www.symbiosys.com\\\/pt-pt\\\/politica-de-privacidade\\\/#breadcrumb\",\"itemListElement\":[{\"@type\":\"ListItem\",\"position\":1,\"name\":\"Home\",\"item\":\"https:\\\/\\\/www.symbiosys.com\\\/pt-pt\\\/\"},{\"@type\":\"ListItem\",\"position\":2,\"name\":\"POL\u00cdTICA DE PRIVACIDADE\"}]},{\"@type\":\"WebSite\",\"@id\":\"https:\\\/\\\/www.symbiosys.com\\\/pt-pt\\\/#website\",\"url\":\"https:\\\/\\\/www.symbiosys.com\\\/pt-pt\\\/\",\"name\":\"Symbiosys\",\"description\":\"Microbiota for life\",\"potentialAction\":[{\"@type\":\"SearchAction\",\"target\":{\"@type\":\"EntryPoint\",\"urlTemplate\":\"https:\\\/\\\/www.symbiosys.com\\\/pt-pt\\\/?s={search_term_string}\"},\"query-input\":{\"@type\":\"PropertyValueSpecification\",\"valueRequired\":true,\"valueName\":\"search_term_string\"}}],\"inLanguage\":\"pt-PT\"}]}<\/script>\n<!-- \/ Yoast SEO plugin. -->","yoast_head_json":{"title":"Pol\u00edtica de privacidade - Symbiosys","description":"Pol\u00edtica de privacidade - Symbiosys","robots":{"index":"index","follow":"follow","max-snippet":"max-snippet:-1","max-image-preview":"max-image-preview:large","max-video-preview":"max-video-preview:-1"},"canonical":"https:\/\/www.symbiosys.com\/pt-pt\/politica-de-privacidade\/","og_locale":"pt_PT","og_type":"article","og_title":"Pol\u00edtica de privacidade - Symbiosys","og_description":"Pol\u00edtica de privacidade - Symbiosys","og_url":"https:\/\/www.symbiosys.com\/pt-pt\/politica-de-privacidade\/","og_site_name":"Symbiosys","article_modified_time":"2020-11-25T14:37:36+00:00","twitter_card":"summary_large_image","twitter_misc":{"Est. reading time":"6 minutos"},"schema":{"@context":"https:\/\/schema.org","@graph":[{"@type":"WebPage","@id":"https:\/\/www.symbiosys.com\/pt-pt\/politica-de-privacidade\/","url":"https:\/\/www.symbiosys.com\/pt-pt\/politica-de-privacidade\/","name":"Pol\u00edtica de privacidade - Symbiosys","isPartOf":{"@id":"https:\/\/www.symbiosys.com\/pt-pt\/#website"},"datePublished":"2019-07-31T17:13:01+00:00","dateModified":"2020-11-25T14:37:36+00:00","description":"Pol\u00edtica de privacidade - Symbiosys","breadcrumb":{"@id":"https:\/\/www.symbiosys.com\/pt-pt\/politica-de-privacidade\/#breadcrumb"},"inLanguage":"pt-PT","potentialAction":[{"@type":"ReadAction","target":["https:\/\/www.symbiosys.com\/pt-pt\/politica-de-privacidade\/"]}]},{"@type":"BreadcrumbList","@id":"https:\/\/www.symbiosys.com\/pt-pt\/politica-de-privacidade\/#breadcrumb","itemListElement":[{"@type":"ListItem","position":1,"name":"Home","item":"https:\/\/www.symbiosys.com\/pt-pt\/"},{"@type":"ListItem","position":2,"name":"POL\u00cdTICA DE PRIVACIDADE"}]},{"@type":"WebSite","@id":"https:\/\/www.symbiosys.com\/pt-pt\/#website","url":"https:\/\/www.symbiosys.com\/pt-pt\/","name":"Symbiosys","description":"Microbiota for life","potentialAction":[{"@type":"SearchAction","target":{"@type":"EntryPoint","urlTemplate":"https:\/\/www.symbiosys.com\/pt-pt\/?s={search_term_string}"},"query-input":{"@type":"PropertyValueSpecification","valueRequired":true,"valueName":"search_term_string"}}],"inLanguage":"pt-PT"}]}},"_links":{"self":[{"href":"https:\/\/www.symbiosys.com\/pt-pt\/wp-json\/wp\/v2\/pages\/10121","targetHints":{"allow":["GET"]}}],"collection":[{"href":"https:\/\/www.symbiosys.com\/pt-pt\/wp-json\/wp\/v2\/pages"}],"about":[{"href":"https:\/\/www.symbiosys.com\/pt-pt\/wp-json\/wp\/v2\/types\/page"}],"author":[{"embeddable":true,"href":"https:\/\/www.symbiosys.com\/pt-pt\/wp-json\/wp\/v2\/users\/73"}],"replies":[{"embeddable":true,"href":"https:\/\/www.symbiosys.com\/pt-pt\/wp-json\/wp\/v2\/comments?post=10121"}],"version-history":[{"count":8,"href":"https:\/\/www.symbiosys.com\/pt-pt\/wp-json\/wp\/v2\/pages\/10121\/revisions"}],"predecessor-version":[{"id":86633,"href":"https:\/\/www.symbiosys.com\/pt-pt\/wp-json\/wp\/v2\/pages\/10121\/revisions\/86633"}],"wp:attachment":[{"href":"https:\/\/www.symbiosys.com\/pt-pt\/wp-json\/wp\/v2\/media?parent=10121"}],"curies":[{"name":"wp","href":"https:\/\/api.w.org\/{rel}","templated":true}]}}