{"id":87532,"date":"2019-10-07T18:33:02","date_gmt":"2019-10-07T16:33:02","guid":{"rendered":"https:\/\/www.symbiosys.com\/data-protection-policy\/"},"modified":"2024-06-03T14:35:46","modified_gmt":"2024-06-03T12:35:46","slug":"data-protection-policy","status":"publish","type":"page","link":"https:\/\/www.symbiosys.com\/cs\/data-protection-policy\/","title":{"rendered":"Z\u00c1SADY OCHRANY \u00daDAJ\u016e"},"content":{"rendered":"\r\n<p><strong>1 &#8211; Preambule<\/strong><\/p>\r\n\r\n\r\n\r\n<p>Z\u00e1sady ochrany \u00fadaj\u016f popsan\u00e9 v tomto dokumentu se vztahuj\u00ed k webov\u00fdm str\u00e1nk\u00e1m [www.symbiosys.com] (d\u00e1le jen \u201ewebov\u00e9 str\u00e1nky\u201c). Jejich \u00fa\u010delem je informovat u\u017eivatele webov\u00fdch str\u00e1nek (d\u00e1le jen \u201eu\u017eivatel\u201c) o zpracov\u00e1n\u00ed prov\u00e1d\u011bn\u00e9m spole\u010dnost\u00ed [BIOCODEX SAS o \u00fadaj\u00edch, kter\u00e9 se ho t\u00fdkaj\u00ed, pr\u00e1vech, kter\u00e1 m\u00e1 ke sv\u00fdm \u00fadaj\u016fm, a zp\u016fsobu, jak\u00fdm m\u016f\u017ee tato pr\u00e1va uplat\u0148ovat.<\/p>\r\n\r\n\r\n\r\n<p><strong>2 &#8211; V\u0161eobecn\u00e1 ustanoven\u00ed<\/strong><\/p>\r\n\r\n\r\n\r\n<p>N\u00e1sleduj\u00edc\u00ed ustanoven\u00ed se vztahuj\u00ed na ve\u0161ker\u00e9 zpracov\u00e1n\u00ed osobn\u00edch \u00fadaj\u016f vydavatelem na t\u011bchto webov\u00fdch str\u00e1nk\u00e1ch, nen\u00ed-li ve zvl\u00e1\u0161tn\u00edch ustanoven\u00edch stanoveno jinak.<\/p>\r\n<p><u>Pr\u00e1vn\u00ed r\u00e1mec<\/u><\/p>\r\n<p>Vydavatel jako\u017eto spr\u00e1vce \u00fadaj\u016f prohla\u0161uje, \u017ee zpracov\u00e1v\u00e1 osobn\u00ed \u00fadaje na t\u011bchto webov\u00fdch str\u00e1nk\u00e1ch v souladu s p\u0159edpisy platn\u00fdmi pro ochranu fyzick\u00fdch osob v souvislosti se zpracov\u00e1n\u00edm osobn\u00edch \u00fadaj\u016f a s voln\u00fdm pohybem t\u011bchto \u00fadaj\u016f, zejm\u00e9na na\u0159\u00edzen\u00edm EU \u010d. 2016\/679 ze dne 27. dubna 2016 \u2013 obecn\u00e9 na\u0159\u00edzen\u00ed o ochran\u011b \u00fadaj\u016f (GDPR).<\/p>\r\n<p><u>Spr\u00e1vce dat<\/u><\/p>\r\n<p>Spr\u00e1vce dat je identifikov\u00e1n takto:<\/p>\r\n\r\n\r\n\r\n<p>Biocodex, zjednodu\u0161en\u00e1 akciov\u00e1 spole\u010dnost podle francouzsk\u00e9ho pr\u00e1va s kmenov\u00fdm kapit\u00e1lem ve v\u00fd\u0161i 4 284 000 EUR zapsan\u00e1 v Obchodn\u00edm rejst\u0159\u00edku R.C.S. Cr\u00e9teil pod \u010d. 562 064 600, se s\u00eddlem na adrese 22 rue des Aqueducs &#8211; 94250 Gentilly &#8211; Francie, statut\u00e1rn\u00ed z\u00e1stupce: p. Jean-Marie Lef\u00e8vre s \u0159\u00e1dn\u00fdmi pravomocemi p\u0159edsedy p\u0159edstavenstva a gener\u00e1ln\u00edho \u0159editele.<\/p>\r\n\r\n\r\n\r\n<p><u>Pr\u00e1va u\u017eivatele na jeho \u00fadaje<\/u><\/p>\r\n<p>V souladu s p\u0159edpisy platn\u00fdmi pro ochranu fyzick\u00fdch osob v souvislosti se zpracov\u00e1n\u00edm osobn\u00edch \u00fadaj\u016f a s voln\u00fdm pohybem t\u011bchto \u00fadaj\u016f, m\u016f\u017ee u\u017eivatel u \u00fadaj\u016f, kter\u00e9 se ho t\u00fdkaj\u00ed a kter\u00fdmi se prokazuje jeho toto\u017enost, uplatnit pr\u00e1vo na p\u0159\u00edstup k \u00fadaj\u016fm, opravu \u00fadaj\u016f, v\u00fdmaz \u00fadaj\u016f, omezen\u00ed \u00fadaj\u016f a vznesen\u00ed n\u00e1mitky t\u00fdkaj\u00edc\u00ed se \u00fadaj\u016f u inspektora ochrany dat (DPO) spole\u010dnosti Biocodex (pouze v Angli\u010dtin\u011b nebo Francou\u017e\u0161tin\u011b) na email (dpo@biocodex.com) nebo po\u0161tou na adresu (DPO BIOCODEX, 22 rue des Aqueducs, 94250 GENTILLY, France); U\u017eivatel m\u00e1 tak\u00e9 pr\u00e1vo podat st\u00ed\u017enost u dozorov\u00e9ho \u00fa\u0159adu (CNIL pro Francii &#8211; www.cnil.fr).<\/p>\r\n<p><u>Zabezpe\u010den\u00ed osobn\u00edch \u00fadaj\u016f<\/u><\/p>\r\n<p>Vydavatel p\u0159ij\u00edm\u00e1 ve\u0161ker\u00e1 nezbytn\u00e1 opat\u0159en\u00ed k zachov\u00e1n\u00ed bezpe\u010dnosti osobn\u00edch \u00fadaj\u016f u\u017eivatele a jeho c\u00edlem je zejm\u00e9na zabr\u00e1nit jejich naru\u0161en\u00ed nebo po\u0161kozen\u00ed nebo neopr\u00e1vn\u011bn\u00e9mu p\u0159\u00edstupu t\u0159et\u00edch stran k nim.<\/p>\r\n<p>Vydavatel pou\u017e\u00edv\u00e1 na t\u011bchto webov\u00fdch str\u00e1nk\u00e1ch protokol https. Tento bezpe\u010dnostn\u00ed mechanismus umo\u017e\u0148uje u\u017eivateli ov\u011b\u0159it identitu webov\u00e9 str\u00e1nky, ke kter\u00e9 p\u0159istupuje, a to d\u00edky ov\u011b\u0159ovac\u00edmu certifik\u00e1tu vystaven\u00e9mu org\u00e1nem t\u0159et\u00ed strany, kter\u00fd je zn\u00e1m\u00fd svou spolehlivost\u00ed. Protokol tak\u00e9 zaru\u010duje d\u016fv\u011brnost a integritu \u00fadaj\u016f zaslan\u00fdch u\u017eivatelem, nap\u0159\u00edklad informac\u00ed zadan\u00fdch v kontaktn\u00edm formul\u00e1\u0159i.<\/p>\r\n\r\n\r\n\r\n<p><strong>3 &#8211; Zvl\u00e1\u0161tn\u00ed ustanoven\u00ed<\/strong><\/p>\r\n\r\n\r\n\r\n<p>N\u00e1sleduj\u00edc\u00ed ustanoven\u00ed se konkr\u00e9tn\u011b t\u00fdkaj\u00ed ka\u017ed\u00e9ho zpracov\u00e1n\u00ed osobn\u00edch \u00fadaj\u016f vydavatelem na t\u011bchto webov\u00fdch str\u00e1nk\u00e1ch. Jsou zde uvedeny podrobnosti zejm\u00e9na o:<\/p>\r\n<ul>\r\n<li>\u00fa\u010delu zpracov\u00e1n\u00ed<\/li>\r\n<li>pr\u00e1vn\u00edm z\u00e1kladu<\/li>\r\n<li>dot\u010den\u00fdch osob\u00e1ch<\/li>\r\n<li>zpracov\u00e1van\u00fdch osobn\u00edch \u00fadaj\u00edch<\/li>\r\n<li>dob\u011b pou\u017eitelnosti \u00fadaj\u016f<\/li>\r\n<li>p\u0159\u00edjemc\u00edch \u00fadaj\u016f<strong style=\"font-size: 1rem;\">\u00a0<\/strong><\/li>\r\n<\/ul>\r\n<p><u>Kontaktn\u00ed formul\u00e1\u0159<\/u><\/p>\r\n<p><em>\u00da\u010del zpracov\u00e1n\u00ed<\/em><strong>\u00a0<\/strong><\/p>\r\n<p>Kontaktn\u00ed formul\u00e1\u0159 na t\u011bchto webov\u00fdch str\u00e1nk\u00e1ch umo\u017e\u0148uje u\u017eivateli elektronick\u00fd kontakt s vydavatelem. Toto zpracov\u00e1n\u00ed osobn\u00edch \u00fadaj\u016f umo\u017e\u0148uje vydavateli:<\/p>\r\n<ul>\r\n<li>p\u0159ij\u00edmat zpr\u00e1vy, kter\u00e9 mu byly adresov\u00e1ny<\/li>\r\n<li>sledovat korespondenci s u\u017eivatelem<\/li>\r\n<li>dodr\u017eovat sv\u00e9 povinnosti t\u00fdkaj\u00edc\u00ed se zdravotnick\u00e9 vigilance<\/li>\r\n<li>vypracov\u00e1vat statistiky slu\u017eeb<\/li>\r\n<\/ul>\r\n<p>Pr\u00e1vn\u00edm z\u00e1kladem zpracov\u00e1n\u00ed jsou opr\u00e1vn\u011bn\u00e9 z\u00e1jmy, kter\u00e9 vydavatel sleduje ve vztahu k u\u017eivateli.<br \/>Je-li sd\u011blen\u00ed sou\u010d\u00e1st\u00ed r\u00e1mce zdravotn\u00ed vigilance, jsou \u00fadaje u\u017eivatele p\u0159edm\u011btem dal\u0161\u00edho zpracov\u00e1n\u00ed, kter\u00e9 je konkr\u00e9tn\u011b stanoveno v tomto r\u00e1mci.<br \/>Zpracov\u00e1n\u00ed nezahrnuje automatizovan\u00e9 rozhodov\u00e1n\u00ed (v\u010detn\u011b profilov\u00e1n\u00ed).<strong>\u00a0<\/strong><\/p>\r\n<p><em>Dot\u010den\u00e9 osoby<\/em><\/p>\r\n<p>Zpracov\u00e1n\u00ed se t\u00fdk\u00e1 v\u0161ech u\u017eivatel\u016f, kte\u0159\u00ed se cht\u011bj\u00ed obr\u00e1tit na vydavatele elektronicky, jako\u017e i na pracovn\u00edky vydavatele odpov\u011bdn\u00fdch za zpracov\u00e1n\u00ed \u017e\u00e1dost\u00ed.<em>\u00a0<\/em><\/p>\r\n<p><em>Zpracov\u00e1van\u00e9 \u00fadaje<\/em><\/p>\r\n<ul>\r\n<li>Identita u\u017eivatele a e-mailov\u00e1 adresa<\/li>\r\n<li>datum, p\u0159edm\u011bt a t\u011blo zpr\u00e1vy<\/li>\r\n<li>n\u00e1sledn\u00e9 aktivity<\/li>\r\n<li>statistika \u010dinnosti<\/li>\r\n<\/ul>\r\n<p>Povinn\u00e9 \u00fadaje jsou zapot\u0159eb\u00ed k \u0159\u00e1dn\u00e9mu posouzen\u00ed \u017e\u00e1dosti.<\/p>\r\n<p>\u00dadaje jsou uchov\u00e1v\u00e1ny po dobu 5 let od zpracov\u00e1n\u00ed \u017e\u00e1dosti. Pokud v\u0161ak sd\u011blen\u00ed spad\u00e1 do r\u00e1mce zdravotnick\u00e9 vigilance, je doba uchov\u00e1v\u00e1n\u00ed stanovena v dal\u0161\u00edm zpracov\u00e1n\u00ed, kter\u00e9 je pro tento \u00fa\u010del v\u00fdslovn\u011b stanoveno.<strong>\u00a0<\/strong><\/p>\r\n<p><em>P\u0159\u00edjemci \u00fadaj\u016f<\/em><\/p>\r\n<p>Zpracov\u00e1n\u00ed se t\u00fdk\u00e1 pracovn\u00edk\u016f vydavatele:<\/p>\r\n<ul>\r\n<li>odpov\u011bdn\u00fdch za zpracov\u00e1n\u00ed korespondence t\u00fdkaj\u00edc\u00ed se webov\u00fdch str\u00e1nek<\/li>\r\n<li>odpov\u011bdn\u00fdch za zve\u0159ejn\u011bn\u00ed obsahu a technickou spr\u00e1vu webov\u00fdch str\u00e1nek<\/li>\r\n<li>ur\u010den\u00fdch k \u0159e\u0161en\u00ed zdravotnick\u00e9 vigilance<\/li>\r\n<\/ul>\r\n<p>Mezi p\u0159\u00edjemce \u00fadaj\u016f pat\u0159\u00ed i zam\u011bstnanci dot\u010den\u00fdch poskytovatel\u016f slu\u017eeb.<\/p>\r\n<p>Mimo Evropskou unii se neprov\u00e1d\u011bj\u00ed \u017e\u00e1dn\u00e9 p\u0159enosy \u00fadaj\u016f.<\/p>\r\n\r\n\r\n\r\n<p><u>Odb\u011br newsletteru<\/u><\/p>\r\n<p><em>\u00da\u010del zpracov\u00e1n\u00ed<\/em><\/p>\r\n<p>Vydavatel umo\u017e\u0148uje u\u017eivateli p\u0159ihl\u00e1sit se k odb\u011bru informa\u010dn\u00edho newsletteru, aby byl u\u017eivatel informov\u00e1n o novink\u00e1ch souvisej\u00edc\u00edch s webov\u00fdmi str\u00e1nkami. Toto zpracov\u00e1n\u00ed osobn\u00edch \u00fadaj\u016f umo\u017e\u0148uje vydavateli:<\/p>\r\n<ul>\r\n<li>spr\u00e1vu odb\u011br\u016f a elektronick\u00e9ho zas\u00edl\u00e1n\u00ed<\/li>\r\n<li>vypracov\u00e1vat statistiky slu\u017eeb<\/li>\r\n<\/ul>\r\n<p>Pr\u00e1vn\u00edm z\u00e1kladem zpracov\u00e1n\u00ed je souhlas doty\u010dn\u00e9 osoby.<\/p>\r\n<p>U\u017eivatel se m\u016f\u017ee odhl\u00e1sit (odvolat sv\u016fj souhlas) prost\u0159ednictv\u00edm odkazu pro odhl\u00e1\u0161en\u00ed odb\u011bru v newsletteru, kter\u00fd obdr\u017eel.<\/p>\r\n<p>Zpracov\u00e1n\u00ed nezahrnuje automatizovan\u00e9 rozhodov\u00e1n\u00ed (v\u010detn\u011b profilov\u00e1n\u00ed).<strong>\u00a0<\/strong><\/p>\r\n<p><em>Dot\u010den\u00e9 osoby<\/em><\/p>\r\n<p>Zpracov\u00e1n\u00ed se t\u00fdk\u00e1 ka\u017ed\u00e9ho u\u017eivatele, kter\u00fd si p\u0159eje dost\u00e1vat zpravodaj na e-mailovou adresu, kterou poskytl.<\/p>\r\n<p><em>Zpracov\u00e1van\u00e9 \u00fadaje<\/em><\/p>\r\n<ul>\r\n<li>E-mailov\u00e1 adresa<\/li>\r\n<li>Datum p\u0159ihl\u00e1\u0161en\u00ed odb\u011bru<\/li>\r\n<li>Statistiky t\u00fdkaj\u00edc\u00ed se slu\u017eby rozes\u00edl\u00e1n\u00ed newsletteru<\/li>\r\n<\/ul>\r\n<p>Pro zas\u00edl\u00e1n\u00ed zpravodaje je nutn\u00e9 z\u00edsk\u00e1n\u00ed e-mailov\u00e9 adresy.<\/p>\r\n<p>Vydavatel si e-mailovou adresu ponech\u00e1v\u00e1, dokud se doty\u010dn\u00e1 osoba neodhl\u00e1s\u00ed (prost\u0159ednictv\u00edm odkazu pro zru\u0161en\u00ed odb\u011bru obsa\u017een\u00e9ho v zpravodaj\u00edch).<\/p>\r\n<p><em>P\u0159\u00edjemci \u00fadaj\u016f<\/em><\/p>\r\n<p>V z\u00e1vislosti na jejich p\u0159\u00edslu\u0161n\u00fdch pot\u0159eb\u00e1ch jsou p\u0159\u00edjemci v\u0161ech \u00fadaj\u016f nebo jejich \u010d\u00e1sti:<\/p>\r\n<ul>\r\n<li>u\u017eivatel webov\u00fdch str\u00e1nek p\u0159ihl\u00e1\u0161en\u00fd k odb\u011bru newsletteru<\/li>\r\n<li>zam\u011bstnancivydavatele, kte\u0159\u00ed jsou zodpov\u011bdn\u00ed za spr\u00e1vu slu\u017eby zpravodaje, publikov\u00e1n\u00ed obsahu, technickou spr\u00e1vu webov\u00fdch str\u00e1nek<\/li>\r\n<li>pracovn\u00edci poskytovatel\u016f slu\u017eeb, kter\u00fdch se webov\u00e9 str\u00e1nky t\u00fdkaj\u00ed<\/li>\r\n<\/ul>\r\n<p>Proto\u017ee slu\u017ebu newsletteru m\u016f\u017ee poskytovat t\u0159et\u00ed strana, mohou b\u00fdt \u00fadaje p\u0159\u00edpadn\u011b p\u0159ed\u00e1v\u00e1ny mimo Evropskou unii.<\/p>\r\n\r\n\r\n\r\n<p><u>Omezen\u00ed p\u0159\u00edstupu<\/u><\/p>\r\n<p><em>\u00da\u010del zpracov\u00e1n\u00ed<\/em><\/p>\r\n<p>Vydavatel umo\u017e\u0148uje u\u017eivateli p\u0159ipojit se k webov\u00fdm str\u00e1nk\u00e1m pomoc\u00ed p\u0159ihla\u0161ovac\u00edho jm\u00e9na a hesla, aby mohl vyu\u017e\u00edvat personalizovan\u00fd obsah. Toto v z\u00e1vislosti na p\u0159\u00edpadu vydavateli umo\u017e\u0148uje:<\/p>\r\n<ul>\r\n<li>personalizaci komunikace<\/li>\r\n<li>navrhnout prost\u0159ed\u00ed pro objedn\u00e1v\u00e1n\u00ed v p\u0159\u00edpad\u011b str\u00e1nek e-commerce (historie n\u00e1kupn\u00edho ko\u0161\u00edku a objedn\u00e1vek, platebn\u00ed modul, historie faktur, sponzorstv\u00ed atd.),<\/li>\r\n<li>nab\u00edzet prost\u0159ed\u00ed elektronick\u00e9ho vzd\u011bl\u00e1v\u00e1n\u00ed v p\u0159\u00edpad\u011b e-learningov\u00fdch webov\u00fdch str\u00e1nek (\u0161kolic\u00ed moduly, hodnot\u00edc\u00ed dotazn\u00edky, kv\u00edzy, hry atd.),<\/li>\r\n<li>vypracov\u00e1vat statistiky t\u00fdkaj\u00edc\u00ed se nab\u00edzen\u00e9ho obsahu\/slu\u017eeb<\/li>\r\n<\/ul>\r\n<p>Pr\u00e1vn\u00edm z\u00e1kladem zpracov\u00e1n\u00ed jsou opr\u00e1vn\u011bn\u00e9 z\u00e1jmy, kter\u00e9 vydavatel sleduje v r\u00e1mci vztahu s u\u017eivatelem.<\/p>\r\n<p>Zpracov\u00e1n\u00ed nezahrnuje automatizovan\u00e9 rozhodov\u00e1n\u00ed (v\u010detn\u011b profilov\u00e1n\u00ed).<\/p>\r\n<p><em>Dot\u010den\u00e9 osoby<\/em><\/p>\r\n<p>Zpracov\u00e1n\u00ed se t\u00fdk\u00e1 ka\u017ed\u00e9ho u\u017eivatele s osobn\u00edm \u00fa\u010dtem na t\u011bchto webov\u00fdch str\u00e1nk\u00e1ch.<\/p>\r\n<p><em>Zpracov\u00e1van\u00e9 \u00fadaje<\/em><\/p>\r\n<ul>\r\n<li>Jm\u00e9no a p\u0159\u00edjmen\u00ed<\/li>\r\n<li>E-mailov\u00e1 adresa<\/li>\r\n<li>P\u0159ihla\u0161ovac\u00ed jm\u00e9no a heslo<\/li>\r\n<li>Informace o nab\u00edzen\u00e9m obsahu\/slu\u017eb\u00e1ch<\/li>\r\n<li>Statistick\u00e9 informace<\/li>\r\n<li>Informace o protokolov\u00e1n\u00ed p\u0159ipojen\u00ed<\/li>\r\n<\/ul>\r\n<p>Pro funk\u010dnost osobn\u00edho \u00fa\u010dtu je povinn\u00e1 e-mailov\u00e1 adresa a tak\u00e9 p\u0159ihla\u0161ovac\u00ed jm\u00e9no a heslo.<\/p>\r\n<p>Tyto \u00fadaje se uchov\u00e1vaj\u00ed po dobu maxim\u00e1ln\u011b 3 let od posledn\u00edho p\u0159ihl\u00e1\u0161en\u00ed u\u017eivatele.<u><\/u><\/p>\r\n<p><em>P\u0159\u00edjemci \u00fadaj\u016f<\/em><\/p>\r\n<p>V z\u00e1vislosti na jejich p\u0159\u00edslu\u0161n\u00fdch pot\u0159eb\u00e1ch jsou p\u0159\u00edjemci v\u0161ech \u00fadaj\u016f nebo jejich \u010d\u00e1sti:<\/p>\r\n<ul>\r\n<li>u\u017eivatel webov\u00fdch str\u00e1nek s osobn\u00edm \u00fa\u010dtem,<\/li>\r\n<li>zam\u011bstnanci vydavatele, kte\u0159\u00ed jsou zodpov\u011bdn\u00ed za spr\u00e1vu obsahu, p\u0159\u00edp. personalizovan\u00fdch slu\u017eeb a technickou spr\u00e1vu webov\u00fdch str\u00e1nek<\/li>\r\n<li>pracovn\u00edci poskytovatel\u016f slu\u017eeb, kter\u00fdch se webov\u00e9 str\u00e1nky t\u00fdkaj\u00ed.<\/li>\r\n<\/ul>\r\n<p>Proto\u017ee ur\u010dit\u00fd personalizovan\u00fd obsah m\u016f\u017ee poskytovat t\u0159et\u00ed strana, mohou b\u00fdt \u00fadaje p\u0159\u00edpadn\u011b p\u0159ed\u00e1v\u00e1ny mimo Evropskou unii.<\/p>\r\n\r\n\r\n\r\n<p><strong>Spr\u00e1va soubor\u016f cookie<\/strong><\/p>\r\n<p>Spr\u00e1va soubor\u016f cookie je zvl\u00e1\u0161tn\u00ed zp\u016fsob zpracov\u00e1n\u00ed osobn\u00edch \u00fadaj\u016f, kter\u00e9 je pops\u00e1no v <a href=\"https:\/\/www.symbiosys.com\/cs\/cookie-policy\/\"><u>z\u00e1sad\u00e1ch pou\u017e\u00edv\u00e1n\u00ed soubor\u016f cookie<\/u><\/a> na t\u011bchto webov\u00fdch str\u00e1nk\u00e1ch.<\/p>\r\n","protected":false},"excerpt":{"rendered":"<p>1 &#8211; Preambule Z\u00e1sady ochrany \u00fadaj\u016f popsan\u00e9 v tomto dokumentu se vztahuj\u00ed k webov\u00fdm str\u00e1nk\u00e1m [www.symbiosys.com] (d\u00e1le jen \u201ewebov\u00e9 str\u00e1nky\u201c). Jejich \u00fa\u010delem je informovat u\u017eivatele webov\u00fdch str\u00e1nek (d\u00e1le jen \u201eu\u017eivatel\u201c) o zpracov\u00e1n\u00ed prov\u00e1d\u011bn\u00e9m spole\u010dnost\u00ed [BIOCODEX SAS o \u00fadaj\u00edch, kter\u00e9 se ho t\u00fdkaj\u00ed, pr\u00e1vech, kter\u00e1 m\u00e1 ke sv\u00fdm \u00fadaj\u016fm, a zp\u016fsobu, jak\u00fdm m\u016f\u017ee tato pr\u00e1va uplat\u0148ovat. &hellip; <a href=\"https:\/\/www.symbiosys.com\/cs\/data-protection-policy\/\">Continued<\/a><\/p>\n","protected":false},"author":73,"featured_media":0,"parent":0,"menu_order":0,"comment_status":"closed","ping_status":"closed","template":"views\/template-legal.blade.php","meta":{"footnotes":""},"class_list":["post-87532","page","type-page","status-publish","hentry"],"acf":[],"yoast_head":"<!-- This site is optimized with the Yoast SEO plugin v27.1.1 - https:\/\/yoast.com\/product\/yoast-seo-wordpress\/ -->\n<title>Z\u00c1SADY OCHRANY \u00daDAJ\u016e - Symbiosys<\/title>\n<meta name=\"robots\" content=\"noindex, follow\" \/>\n<meta property=\"og:locale\" content=\"cs_CZ\" \/>\n<meta property=\"og:type\" content=\"article\" \/>\n<meta property=\"og:title\" content=\"Z\u00c1SADY OCHRANY \u00daDAJ\u016e - Symbiosys\" \/>\n<meta property=\"og:description\" content=\"1 &#8211; Preambule Z\u00e1sady ochrany \u00fadaj\u016f popsan\u00e9 v tomto dokumentu se vztahuj\u00ed k webov\u00fdm str\u00e1nk\u00e1m [www.symbiosys.com] (d\u00e1le jen \u201ewebov\u00e9 str\u00e1nky\u201c). Jejich \u00fa\u010delem je informovat u\u017eivatele webov\u00fdch str\u00e1nek (d\u00e1le jen \u201eu\u017eivatel\u201c) o zpracov\u00e1n\u00ed prov\u00e1d\u011bn\u00e9m spole\u010dnost\u00ed [BIOCODEX SAS o \u00fadaj\u00edch, kter\u00e9 se ho t\u00fdkaj\u00ed, pr\u00e1vech, kter\u00e1 m\u00e1 ke sv\u00fdm \u00fadaj\u016fm, a zp\u016fsobu, jak\u00fdm m\u016f\u017ee tato pr\u00e1va uplat\u0148ovat. &hellip; Continued\" \/>\n<meta property=\"og:url\" content=\"https:\/\/www.symbiosys.com\/cs\/data-protection-policy\/\" \/>\n<meta property=\"og:site_name\" content=\"Symbiosys\" \/>\n<meta property=\"article:modified_time\" content=\"2024-06-03T12:35:46+00:00\" \/>\n<meta name=\"twitter:card\" content=\"summary_large_image\" \/>\n<meta name=\"twitter:label1\" content=\"Est. reading time\" \/>\n\t<meta name=\"twitter:data1\" content=\"5 minut\" \/>\n<script type=\"application\/ld+json\" class=\"yoast-schema-graph\">{\"@context\":\"https:\/\/schema.org\",\"@graph\":[{\"@type\":\"WebPage\",\"@id\":\"https:\/\/www.symbiosys.com\/cs\/data-protection-policy\/\",\"url\":\"https:\/\/www.symbiosys.com\/cs\/data-protection-policy\/\",\"name\":\"Z\u00c1SADY OCHRANY \u00daDAJ\u016e - Symbiosys\",\"isPartOf\":{\"@id\":\"https:\/\/www.symbiosys.com\/cs\/#website\"},\"datePublished\":\"2019-10-07T16:33:02+00:00\",\"dateModified\":\"2024-06-03T12:35:46+00:00\",\"breadcrumb\":{\"@id\":\"https:\/\/www.symbiosys.com\/cs\/data-protection-policy\/#breadcrumb\"},\"inLanguage\":\"cs\",\"potentialAction\":[{\"@type\":\"ReadAction\",\"target\":[\"https:\/\/www.symbiosys.com\/cs\/data-protection-policy\/\"]}]},{\"@type\":\"BreadcrumbList\",\"@id\":\"https:\/\/www.symbiosys.com\/cs\/data-protection-policy\/#breadcrumb\",\"itemListElement\":[{\"@type\":\"ListItem\",\"position\":1,\"name\":\"Home\",\"item\":\"https:\/\/www.symbiosys.com\/cs\/\"},{\"@type\":\"ListItem\",\"position\":2,\"name\":\"Z\u00c1SADY OCHRANY \u00daDAJ\u016e\"}]},{\"@type\":\"WebSite\",\"@id\":\"https:\/\/www.symbiosys.com\/cs\/#website\",\"url\":\"https:\/\/www.symbiosys.com\/cs\/\",\"name\":\"Symbiosys\",\"description\":\"Mikrobiota pro \u017eivot\",\"potentialAction\":[{\"@type\":\"SearchAction\",\"target\":{\"@type\":\"EntryPoint\",\"urlTemplate\":\"https:\/\/www.symbiosys.com\/cs\/?s={search_term_string}\"},\"query-input\":{\"@type\":\"PropertyValueSpecification\",\"valueRequired\":true,\"valueName\":\"search_term_string\"}}],\"inLanguage\":\"cs\"}]}<\/script>\n<!-- \/ Yoast SEO plugin. -->","yoast_head_json":{"title":"Z\u00c1SADY OCHRANY \u00daDAJ\u016e - Symbiosys","robots":{"index":"noindex","follow":"follow"},"og_locale":"cs_CZ","og_type":"article","og_title":"Z\u00c1SADY OCHRANY \u00daDAJ\u016e - Symbiosys","og_description":"1 &#8211; Preambule Z\u00e1sady ochrany \u00fadaj\u016f popsan\u00e9 v tomto dokumentu se vztahuj\u00ed k webov\u00fdm str\u00e1nk\u00e1m [www.symbiosys.com] (d\u00e1le jen \u201ewebov\u00e9 str\u00e1nky\u201c). Jejich \u00fa\u010delem je informovat u\u017eivatele webov\u00fdch str\u00e1nek (d\u00e1le jen \u201eu\u017eivatel\u201c) o zpracov\u00e1n\u00ed prov\u00e1d\u011bn\u00e9m spole\u010dnost\u00ed [BIOCODEX SAS o \u00fadaj\u00edch, kter\u00e9 se ho t\u00fdkaj\u00ed, pr\u00e1vech, kter\u00e1 m\u00e1 ke sv\u00fdm \u00fadaj\u016fm, a zp\u016fsobu, jak\u00fdm m\u016f\u017ee tato pr\u00e1va uplat\u0148ovat. &hellip; Continued","og_url":"https:\/\/www.symbiosys.com\/cs\/data-protection-policy\/","og_site_name":"Symbiosys","article_modified_time":"2024-06-03T12:35:46+00:00","twitter_card":"summary_large_image","twitter_misc":{"Est. reading time":"5 minut"},"schema":{"@context":"https:\/\/schema.org","@graph":[{"@type":"WebPage","@id":"https:\/\/www.symbiosys.com\/cs\/data-protection-policy\/","url":"https:\/\/www.symbiosys.com\/cs\/data-protection-policy\/","name":"Z\u00c1SADY OCHRANY \u00daDAJ\u016e - Symbiosys","isPartOf":{"@id":"https:\/\/www.symbiosys.com\/cs\/#website"},"datePublished":"2019-10-07T16:33:02+00:00","dateModified":"2024-06-03T12:35:46+00:00","breadcrumb":{"@id":"https:\/\/www.symbiosys.com\/cs\/data-protection-policy\/#breadcrumb"},"inLanguage":"cs","potentialAction":[{"@type":"ReadAction","target":["https:\/\/www.symbiosys.com\/cs\/data-protection-policy\/"]}]},{"@type":"BreadcrumbList","@id":"https:\/\/www.symbiosys.com\/cs\/data-protection-policy\/#breadcrumb","itemListElement":[{"@type":"ListItem","position":1,"name":"Home","item":"https:\/\/www.symbiosys.com\/cs\/"},{"@type":"ListItem","position":2,"name":"Z\u00c1SADY OCHRANY \u00daDAJ\u016e"}]},{"@type":"WebSite","@id":"https:\/\/www.symbiosys.com\/cs\/#website","url":"https:\/\/www.symbiosys.com\/cs\/","name":"Symbiosys","description":"Mikrobiota pro \u017eivot","potentialAction":[{"@type":"SearchAction","target":{"@type":"EntryPoint","urlTemplate":"https:\/\/www.symbiosys.com\/cs\/?s={search_term_string}"},"query-input":{"@type":"PropertyValueSpecification","valueRequired":true,"valueName":"search_term_string"}}],"inLanguage":"cs"}]}},"_links":{"self":[{"href":"https:\/\/www.symbiosys.com\/cs\/wp-json\/wp\/v2\/pages\/87532","targetHints":{"allow":["GET"]}}],"collection":[{"href":"https:\/\/www.symbiosys.com\/cs\/wp-json\/wp\/v2\/pages"}],"about":[{"href":"https:\/\/www.symbiosys.com\/cs\/wp-json\/wp\/v2\/types\/page"}],"author":[{"embeddable":true,"href":"https:\/\/www.symbiosys.com\/cs\/wp-json\/wp\/v2\/users\/73"}],"replies":[{"embeddable":true,"href":"https:\/\/www.symbiosys.com\/cs\/wp-json\/wp\/v2\/comments?post=87532"}],"version-history":[{"count":7,"href":"https:\/\/www.symbiosys.com\/cs\/wp-json\/wp\/v2\/pages\/87532\/revisions"}],"predecessor-version":[{"id":98156,"href":"https:\/\/www.symbiosys.com\/cs\/wp-json\/wp\/v2\/pages\/87532\/revisions\/98156"}],"wp:attachment":[{"href":"https:\/\/www.symbiosys.com\/cs\/wp-json\/wp\/v2\/media?parent=87532"}],"curies":[{"name":"wp","href":"https:\/\/api.w.org\/{rel}","templated":true}]}}